{"id":4316,"date":"2024-05-13T14:45:07","date_gmt":"2024-05-13T12:45:07","guid":{"rendered":"https:\/\/bugoldi.com\/?post_type=product&#038;p=4316"},"modified":"2025-05-16T23:02:08","modified_gmt":"2025-05-16T21:02:08","slug":"harley-davidson-road-king","status":"publish","type":"product","link":"https:\/\/bugoldi.com\/de\/produkt\/harley-davidson-road-king\/","title":{"rendered":"Harley-Davidson Road King"},"content":{"rendered":"<div class=\"elementor-element elementor-element-587e239 elementor-widget elementor-widget-text-editor\" data-id=\"587e239\" data-element_type=\"widget\" data-widget_type=\"text-editor.default\">\n<div class=\"elementor-widget-container\">\n<div class=\"elementor-element elementor-element-2d1be6d elementor-widget elementor-widget-text-editor\" data-id=\"2d1be6d\" data-element_type=\"widget\" data-widget_type=\"text-editor.default\">\n<div class=\"elementor-widget-container\">\n<div class=\"elementor-element elementor-element-10b7f9d elementor-widget elementor-widget-text-editor\" data-id=\"10b7f9d\" data-element_type=\"widget\" data-widget_type=\"text-editor.default\">\n<div class=\"elementor-widget-container\">\n<div class=\"flex flex-grow flex-col gap-3 max-w-full\">\n<div class=\"min-h-[20px] flex flex-col items-start gap-3 overflow-x-auto whitespace-pre-wrap break-words\">\n<div class=\"markdown prose w-full break-words dark:prose-invert light\">\n<p>Experience the legendary power and unmistakable style of the Harley-Davidson Road King on a scale of 1:43, artfully crafted from pure 24-carat gold and made in Germany. Various characteristic features, from the powerful wheels to the detailed headlight and the engine block, are partly made of white gold for optimum contrast. With its striking design and robust presence, the Road King radiates pure power. Every element of this model embodies the incomparable craftsmanship and passion for the Harley-Davidson brand. A coveted collector&#8217;s item from BUGOLDI for enthusiasts who adore the unmistakable strength and timeless style of the Harley-Davidson Road King. <a style=\"color: #b19540;\" href=\"https:\/\/bugoldi.com\/de\/#contact\">Request the current price here.<\/a><\/p>\n<\/div>\n<\/div>\n<\/div>\n<\/div>\n<\/div>\n<\/div>\n<\/div>\n<\/div>\n<\/div>\n<hr style=\"height: 2px; border-width: 0; color: gray; background-color: #b19540;\" \/>\n<p>&nbsp;<\/p>","protected":false},"excerpt":{"rendered":"<div class=\"elementor-element elementor-element-7bb9b21 elementor-widget elementor-widget-heading\" data-id=\"7bb9b21\" data-element_type=\"widget\" data-widget_type=\"heading.default\">\n<div class=\"elementor-widget-container\">\n<h4 class=\"elementor-heading-title elementor-size-default\"><span style=\"color: #b19540;\"> Preis auf Anfrage (Aktueller Goldpreis + Fertigungskosten)<br \/>\n<\/span><a style=\"color: #b19540; text-decoration: none;\" href=\"https:\/\/bugoldi.com\/de\/#contact\"><br \/>\n<em>&gt; Hier Preis anfragen <\/em><\/a><\/h4>\n<p>&nbsp;<\/p>\n<h4 class=\"elementor-heading-title elementor-size-default\"><span style=\"color: #b19540;\">1000g 999.9 Feingold<br \/>\nca. 10% wei\u00dfgold<br \/>\n<\/span><\/h4>\n<\/div>\n<\/div>\n<div class=\"elementor-element elementor-element-1e9627c elementor-widget elementor-widget-heading\" data-id=\"1e9627c\" data-element_type=\"widget\" data-widget_type=\"heading.default\">\n<div class=\"elementor-widget-container\">\n<h4 class=\"elementor-heading-title elementor-size-default\"><span style=\"color: #b19540;\">Scale 1:43<br \/>\n<\/span><\/h4>\n<\/div>\n<\/div>\n<div class=\"elementor-element elementor-element-0a21bd6 elementor-widget elementor-widget-heading\" data-id=\"0a21bd6\" data-element_type=\"widget\" data-widget_type=\"heading.default\">\n<div class=\"elementor-widget-container\">\n<h4 class=\"elementor-heading-title elementor-size-default\"><span style=\"color: #b19540;\">individuelles Gewicht verf\u00fcgbar<\/span><\/h4>\n<\/div>\n<\/div>\n<div class=\"elementor-element elementor-element-20c1aec elementor-widget elementor-widget-heading\" data-id=\"20c1aec\" data-element_type=\"widget\" data-widget_type=\"heading.default\">\n<div class=\"elementor-widget-container\">\n<h6 class=\"elementor-heading-title elementor-size-default\"><span style=\"color: #b19540;\">* Der Preis ist exclusive Lieferung und Verpackung und variiert je nach aktuellem Goldpreis und nationaler Steuer- oder Zollbestimmung.<\/span><\/h6>\n<\/div>\n<\/div>\n<p><span style=\"color: #ffffff;\">Erleben Sie die legend\u00e4re Kraft der Harley-Davidson Road King im Ma\u00dfstab 1:43. Mit ihrem markanten Design und ihrer robusten Pr\u00e4senz.<\/span><\/p>","protected":false},"featured_media":4318,"template":"","meta":{"site-sidebar-layout":"default","site-content-layout":"","ast-site-content-layout":"default","site-content-style":"default","site-sidebar-style":"default","ast-global-header-display":"","ast-banner-title-visibility":"","ast-main-header-display":"","ast-hfb-above-header-display":"","ast-hfb-below-header-display":"","ast-hfb-mobile-header-display":"","site-post-title":"","ast-breadcrumbs-content":"","ast-featured-img":"","footer-sml-layout":"","theme-transparent-header-meta":"default","adv-header-id-meta":"","stick-header-meta":"","header-above-stick-meta":"","header-main-stick-meta":"","header-below-stick-meta":"","astra-migrate-meta-layouts":"set","ast-page-background-enabled":"default","ast-page-background-meta":{"desktop":{"background-color":"","background-image":"","background-repeat":"repeat","background-position":"center center","background-size":"auto","background-attachment":"scroll","background-type":"","background-media":"","overlay-type":"","overlay-color":"","overlay-gradient":""},"tablet":{"background-color":"","background-image":"","background-repeat":"repeat","background-position":"center center","background-size":"auto","background-attachment":"scroll","background-type":"","background-media":"","overlay-type":"","overlay-color":"","overlay-gradient":""},"mobile":{"background-color":"","background-image":"","background-repeat":"repeat","background-position":"center center","background-size":"auto","background-attachment":"scroll","background-type":"","background-media":"","overlay-type":"","overlay-color":"","overlay-gradient":""}},"ast-content-background-meta":{"desktop":{"background-color":"var(--ast-global-color-5)","background-image":"","background-repeat":"repeat","background-position":"center center","background-size":"auto","background-attachment":"scroll","background-type":"","background-media":"","overlay-type":"","overlay-color":"","overlay-gradient":""},"tablet":{"background-color":"var(--ast-global-color-5)","background-image":"","background-repeat":"repeat","background-position":"center center","background-size":"auto","background-attachment":"scroll","background-type":"","background-media":"","overlay-type":"","overlay-color":"","overlay-gradient":""},"mobile":{"background-color":"var(--ast-global-color-5)","background-image":"","background-repeat":"repeat","background-position":"center center","background-size":"auto","background-attachment":"scroll","background-type":"","background-media":"","overlay-type":"","overlay-color":"","overlay-gradient":""}}},"product_cat":[27],"product_tag":[],"class_list":{"0":"post-4316","1":"product","2":"type-product","3":"status-publish","4":"has-post-thumbnail","6":"product_cat-gold-statues-24-carat","7":"desktop-align-left","8":"tablet-align-left","9":"mobile-align-left","10":"ast-product-gallery-layout-horizontal-slider","11":"ast-product-tabs-layout-horizontal","13":"first","14":"instock","15":"shipping-taxable","16":"product-type-simple"},"yoast_head":"<!-- This site is optimized with the Yoast SEO plugin v24.0 - https:\/\/yoast.com\/wordpress\/plugins\/seo\/ -->\n<title>Harley-Davidson Road King - Bugoldi<\/title>\n<meta name=\"description\" content=\"Experience the legendary power of the Harley-Davidson Road King on a scale of 1:43. With its striking design and robust presence.\" \/>\n<meta name=\"robots\" content=\"index, follow, max-snippet:-1, max-image-preview:large, max-video-preview:-1\" \/>\n<link rel=\"canonical\" href=\"https:\/\/bugoldi.com\/de\/produkt\/harley-davidson-road-king\/\" \/>\n<meta property=\"og:locale\" content=\"de_DE\" \/>\n<meta property=\"og:type\" content=\"article\" \/>\n<meta property=\"og:title\" content=\"Harley-Davidson Road King - Bugoldi\" \/>\n<meta property=\"og:description\" content=\"Experience the legendary power of the Harley-Davidson Road King on a scale of 1:43. With its striking design and robust presence.\" \/>\n<meta property=\"og:url\" content=\"https:\/\/bugoldi.com\/de\/produkt\/harley-davidson-road-king\/\" \/>\n<meta property=\"og:site_name\" content=\"Bugoldi\" \/>\n<meta property=\"article:modified_time\" content=\"2025-05-16T21:02:08+00:00\" \/>\n<meta property=\"og:image\" content=\"https:\/\/bugoldi.com\/wp-content\/uploads\/2024\/05\/harley_front35.webp\" \/>\n\t<meta property=\"og:image:width\" content=\"1920\" \/>\n\t<meta property=\"og:image:height\" content=\"1080\" \/>\n\t<meta property=\"og:image:type\" content=\"image\/webp\" \/>\n<meta name=\"twitter:card\" content=\"summary_large_image\" \/>\n<meta name=\"twitter:label1\" content=\"Gesch\u00e4tzte Lesezeit\" \/>\n\t<meta name=\"twitter:data1\" content=\"1\u00a0Minute\" \/>\n<script type=\"application\/ld+json\" class=\"yoast-schema-graph\">{\"@context\":\"https:\/\/schema.org\",\"@graph\":[{\"@type\":\"WebPage\",\"@id\":\"https:\/\/bugoldi.com\/product\/harley-davidson-road-king\/\",\"url\":\"https:\/\/bugoldi.com\/product\/harley-davidson-road-king\/\",\"name\":\"Harley-Davidson Road King - Bugoldi\",\"isPartOf\":{\"@id\":\"https:\/\/bugoldi.com\/#website\"},\"primaryImageOfPage\":{\"@id\":\"https:\/\/bugoldi.com\/product\/harley-davidson-road-king\/#primaryimage\"},\"image\":{\"@id\":\"https:\/\/bugoldi.com\/product\/harley-davidson-road-king\/#primaryimage\"},\"thumbnailUrl\":\"https:\/\/bugoldi.com\/wp-content\/uploads\/2024\/05\/harley_front35.webp\",\"datePublished\":\"2024-05-13T12:45:07+00:00\",\"dateModified\":\"2025-05-16T21:02:08+00:00\",\"description\":\"Experience the legendary power of the Harley-Davidson Road King on a scale of 1:43. With its striking design and robust presence.\",\"breadcrumb\":{\"@id\":\"https:\/\/bugoldi.com\/product\/harley-davidson-road-king\/#breadcrumb\"},\"inLanguage\":\"de\",\"potentialAction\":[{\"@type\":\"ReadAction\",\"target\":[\"https:\/\/bugoldi.com\/product\/harley-davidson-road-king\/\"]}]},{\"@type\":\"ImageObject\",\"inLanguage\":\"de\",\"@id\":\"https:\/\/bugoldi.com\/product\/harley-davidson-road-king\/#primaryimage\",\"url\":\"https:\/\/bugoldi.com\/wp-content\/uploads\/2024\/05\/harley_front35.webp\",\"contentUrl\":\"https:\/\/bugoldi.com\/wp-content\/uploads\/2024\/05\/harley_front35.webp\",\"width\":1920,\"height\":1080},{\"@type\":\"BreadcrumbList\",\"@id\":\"https:\/\/bugoldi.com\/product\/harley-davidson-road-king\/#breadcrumb\",\"itemListElement\":[{\"@type\":\"ListItem\",\"position\":1,\"name\":\"Startseite\",\"item\":\"https:\/\/bugoldi.com\/\"},{\"@type\":\"ListItem\",\"position\":2,\"name\":\"Shop\",\"item\":\"https:\/\/bugoldi.com\/shop\/\"},{\"@type\":\"ListItem\",\"position\":3,\"name\":\"Harley-Davidson Road King\"}]},{\"@type\":\"WebSite\",\"@id\":\"https:\/\/bugoldi.com\/#website\",\"url\":\"https:\/\/bugoldi.com\/\",\"name\":\"Bugoldi\",\"description\":\"Bugoldi - refines 24 carat dreams Made in Germany\",\"publisher\":{\"@id\":\"https:\/\/bugoldi.com\/#organization\"},\"potentialAction\":[{\"@type\":\"SearchAction\",\"target\":{\"@type\":\"EntryPoint\",\"urlTemplate\":\"https:\/\/bugoldi.com\/?s={search_term_string}\"},\"query-input\":{\"@type\":\"PropertyValueSpecification\",\"valueRequired\":true,\"valueName\":\"search_term_string\"}}],\"inLanguage\":\"de\"},{\"@type\":\"Organization\",\"@id\":\"https:\/\/bugoldi.com\/#organization\",\"name\":\"BUGOLDI\",\"alternateName\":\"Bugoldi\",\"url\":\"https:\/\/bugoldi.com\/\",\"logo\":{\"@type\":\"ImageObject\",\"inLanguage\":\"de\",\"@id\":\"https:\/\/bugoldi.com\/#\/schema\/logo\/image\/\",\"url\":\"https:\/\/bugoldi.com\/wp-content\/uploads\/2023\/10\/BUGOLDIJPG-File-scaled-e1697217888801.jpg\",\"contentUrl\":\"https:\/\/bugoldi.com\/wp-content\/uploads\/2023\/10\/BUGOLDIJPG-File-scaled-e1697217888801.jpg\",\"width\":759,\"height\":759,\"caption\":\"BUGOLDI\"},\"image\":{\"@id\":\"https:\/\/bugoldi.com\/#\/schema\/logo\/image\/\"}}]}<\/script>\n<!-- \/ Yoast SEO plugin. -->","yoast_head_json":{"title":"Harley-Davidson Road King - Bugoldi","description":"Experience the legendary power of the Harley-Davidson Road King on a scale of 1:43. With its striking design and robust presence.","robots":{"index":"index","follow":"follow","max-snippet":"max-snippet:-1","max-image-preview":"max-image-preview:large","max-video-preview":"max-video-preview:-1"},"canonical":"https:\/\/bugoldi.com\/de\/produkt\/harley-davidson-road-king\/","og_locale":"de_DE","og_type":"article","og_title":"Harley-Davidson Road King - Bugoldi","og_description":"Experience the legendary power of the Harley-Davidson Road King on a scale of 1:43. With its striking design and robust presence.","og_url":"https:\/\/bugoldi.com\/de\/produkt\/harley-davidson-road-king\/","og_site_name":"Bugoldi","article_modified_time":"2025-05-16T21:02:08+00:00","og_image":[{"width":1920,"height":1080,"url":"https:\/\/bugoldi.com\/wp-content\/uploads\/2024\/05\/harley_front35.webp","type":"image\/webp"}],"twitter_card":"summary_large_image","twitter_misc":{"Gesch\u00e4tzte Lesezeit":"1\u00a0Minute"},"schema":{"@context":"https:\/\/schema.org","@graph":[{"@type":"WebPage","@id":"https:\/\/bugoldi.com\/product\/harley-davidson-road-king\/","url":"https:\/\/bugoldi.com\/product\/harley-davidson-road-king\/","name":"Harley-Davidson Road King - Bugoldi","isPartOf":{"@id":"https:\/\/bugoldi.com\/#website"},"primaryImageOfPage":{"@id":"https:\/\/bugoldi.com\/product\/harley-davidson-road-king\/#primaryimage"},"image":{"@id":"https:\/\/bugoldi.com\/product\/harley-davidson-road-king\/#primaryimage"},"thumbnailUrl":"https:\/\/bugoldi.com\/wp-content\/uploads\/2024\/05\/harley_front35.webp","datePublished":"2024-05-13T12:45:07+00:00","dateModified":"2025-05-16T21:02:08+00:00","description":"Experience the legendary power of the Harley-Davidson Road King on a scale of 1:43. With its striking design and robust presence.","breadcrumb":{"@id":"https:\/\/bugoldi.com\/product\/harley-davidson-road-king\/#breadcrumb"},"inLanguage":"de","potentialAction":[{"@type":"ReadAction","target":["https:\/\/bugoldi.com\/product\/harley-davidson-road-king\/"]}]},{"@type":"ImageObject","inLanguage":"de","@id":"https:\/\/bugoldi.com\/product\/harley-davidson-road-king\/#primaryimage","url":"https:\/\/bugoldi.com\/wp-content\/uploads\/2024\/05\/harley_front35.webp","contentUrl":"https:\/\/bugoldi.com\/wp-content\/uploads\/2024\/05\/harley_front35.webp","width":1920,"height":1080},{"@type":"BreadcrumbList","@id":"https:\/\/bugoldi.com\/product\/harley-davidson-road-king\/#breadcrumb","itemListElement":[{"@type":"ListItem","position":1,"name":"Startseite","item":"https:\/\/bugoldi.com\/"},{"@type":"ListItem","position":2,"name":"Shop","item":"https:\/\/bugoldi.com\/shop\/"},{"@type":"ListItem","position":3,"name":"Harley-Davidson Road King"}]},{"@type":"WebSite","@id":"https:\/\/bugoldi.com\/#website","url":"https:\/\/bugoldi.com\/","name":"Bugoldi","description":"Bugoldi - refines 24 carat dreams Made in Germany","publisher":{"@id":"https:\/\/bugoldi.com\/#organization"},"potentialAction":[{"@type":"SearchAction","target":{"@type":"EntryPoint","urlTemplate":"https:\/\/bugoldi.com\/?s={search_term_string}"},"query-input":{"@type":"PropertyValueSpecification","valueRequired":true,"valueName":"search_term_string"}}],"inLanguage":"de"},{"@type":"Organization","@id":"https:\/\/bugoldi.com\/#organization","name":"BUGOLDI","alternateName":"Bugoldi","url":"https:\/\/bugoldi.com\/","logo":{"@type":"ImageObject","inLanguage":"de","@id":"https:\/\/bugoldi.com\/#\/schema\/logo\/image\/","url":"https:\/\/bugoldi.com\/wp-content\/uploads\/2023\/10\/BUGOLDIJPG-File-scaled-e1697217888801.jpg","contentUrl":"https:\/\/bugoldi.com\/wp-content\/uploads\/2023\/10\/BUGOLDIJPG-File-scaled-e1697217888801.jpg","width":759,"height":759,"caption":"BUGOLDI"},"image":{"@id":"https:\/\/bugoldi.com\/#\/schema\/logo\/image\/"}}]}},"_links":{"self":[{"href":"https:\/\/bugoldi.com\/de\/wp-json\/wp\/v2\/product\/4316","targetHints":{"allow":["GET"]}}],"collection":[{"href":"https:\/\/bugoldi.com\/de\/wp-json\/wp\/v2\/product"}],"about":[{"href":"https:\/\/bugoldi.com\/de\/wp-json\/wp\/v2\/types\/product"}],"wp:featuredmedia":[{"embeddable":true,"href":"https:\/\/bugoldi.com\/de\/wp-json\/wp\/v2\/media\/4318"}],"wp:attachment":[{"href":"https:\/\/bugoldi.com\/de\/wp-json\/wp\/v2\/media?parent=4316"}],"wp:term":[{"taxonomy":"product_cat","embeddable":true,"href":"https:\/\/bugoldi.com\/de\/wp-json\/wp\/v2\/product_cat?post=4316"},{"taxonomy":"product_tag","embeddable":true,"href":"https:\/\/bugoldi.com\/de\/wp-json\/wp\/v2\/product_tag?post=4316"}],"curies":[{"name":"wp","href":"https:\/\/api.w.org\/{rel}","templated":true}]}}