{"id":4221,"date":"2024-02-21T09:27:55","date_gmt":"2024-02-21T08:27:55","guid":{"rendered":"https:\/\/bugoldi.com\/?post_type=product&#038;p=4221"},"modified":"2024-07-25T11:40:27","modified_gmt":"2024-07-25T09:40:27","slug":"individual-sculpture-according-to-your-wishes","status":"publish","type":"product","link":"https:\/\/bugoldi.com\/de\/produkt\/individual-sculpture-according-to-your-wishes\/","title":{"rendered":"200g &#8211; 100kg <br>Individuelle Skulptur nach Ihren W\u00fcnschen!"},"content":{"rendered":"<p>Sie w\u00e4hlen das Motiv v\u00f6llig frei, indem Sie uns einfach ein privates Foto, eine Beschreibung oder Skizze senden. Sie k\u00f6nnen auch unter unseren fertigen Motiven w\u00e4hlen und zus\u00e4tzlich eine pers\u00f6nliche Gravur oder Widmung auf dem Gegenstand anbringen.<\/p>\n<p>So wird Ihr Kunstwerk nicht nur zu einem \u00e4sthetischen Statement, sondern auch zu einem emotionalen Erbst\u00fcck, das f\u00fcr Generationen weitergegeben werden kann.<\/p>\n<p>Tauchen Sie jetzt ein in die Welt des Luxus mit den handgefertigten Skulpturen von BUGOLDI, hergestellt in Deutschland aus reinem 999 Feingold.<\/p>\n<p>Unser exklusives Angebot erm\u00f6glicht es unseren Kunden, das Gewicht und das Motiv frei zu w\u00e4hlen, um ein einzigartiges Kunstwerk nach ihren Vorstellungen zu schaffen.<\/p>\n<p>Jedes St\u00fcck ist ein Unikat und wird sorgf\u00e4ltig von erfahrenen Goldschmiedemeistern gefertigt und tr\u00e4gt die unverkennbare Handwerkskunst und Qualit\u00e4t, f\u00fcr die BUGOLDI bekannt ist.<\/p>\n<p>Egal, ob Sie sich f\u00fcr ein Sternzeichen, ein Familienwappen, Haustier, Gesicht, Figuren oder ein anderes individuelles Motiv entscheiden, jedes Detail wird pr\u00e4zise umgesetzt, um ein zeitloses Kunstwerk zu schaffen.<\/p>\n<h6><\/h6>\n<h6><span style=\"color: #ffffff;\">Ablauf:<\/span><\/h6>\n<h6><span style=\"color: #ffffff;\">1. Kaufen Sie online Ihr Wunschprodukt.<\/span><br \/>\n<span style=\"color: #ffffff;\">2. Senden Sie uns per Mail das gew\u00fcnschte Motiv und falls gew\u00fcnscht, eine Gravur (die Anzahl der Zeichen bei der Gravur richtet sich nach den finalen Ma\u00dfen)<\/span><br \/>\n<span style=\"color: #ffffff;\">3. Sie erhalten nach Bezahlung eine genaue Produktvorschau mit Ma\u00dfen, welche nach Ihrer Freigabe gegossen und  veredelt wird.<\/span><br \/>\n<span style=\"color: #ffffff;\">4. Nach 6-10 Wochen Herstellungszeit liefern wir Ihre Skulptur. Eine Express Bearbeitung und Lieferung ist gegen Aufpreis\u00a0m\u00f6glich.<\/span><\/h6>\n<h6><span style=\"color: #ffffff;\">\u00a0<\/span><\/h6>","protected":false},"excerpt":{"rendered":"<div class=\"elementor-element elementor-element-7bb9b21 elementor-widget elementor-widget-heading\" data-id=\"7bb9b21\" data-element_type=\"widget\" data-widget_type=\"heading.default\">\n<div class=\"elementor-widget-container\">\n<h4 class=\"elementor-heading-title elementor-size-default\"><span style=\"color: #b19540;\">24 Karat \/ 999.9 fine gold<\/span><\/h4>\n<\/div>\n<\/div>\n<div class=\"elementor-element elementor-element-0a21bd6 elementor-widget elementor-widget-heading\" data-id=\"0a21bd6\" data-element_type=\"widget\" data-widget_type=\"heading.default\">\n<div class=\"elementor-widget-container\">\n<h4 class=\"elementor-heading-title elementor-size-default\"><span style=\"color: #b19540;\">individuelles Gewicht verf\u00fcgbar<\/span><\/h4>\n<\/div>\n<\/div>\n<p><span style=\"color: #ffffff;\">Tauchen Sie ein in die Welt des Luxus mit den handgefertigten Goldstatuen, Figuren, Reliefs, Sternzeichen und Wappen von BUGOLDI, hergestellt in Deutschland aus reinem 999 Feingold.<\/span><\/p>","protected":false},"featured_media":4245,"template":"","meta":{"site-sidebar-layout":"default","site-content-layout":"","ast-site-content-layout":"default","site-content-style":"default","site-sidebar-style":"default","ast-global-header-display":"","ast-banner-title-visibility":"","ast-main-header-display":"","ast-hfb-above-header-display":"","ast-hfb-below-header-display":"","ast-hfb-mobile-header-display":"","site-post-title":"","ast-breadcrumbs-content":"","ast-featured-img":"","footer-sml-layout":"","theme-transparent-header-meta":"default","adv-header-id-meta":"","stick-header-meta":"","header-above-stick-meta":"","header-main-stick-meta":"","header-below-stick-meta":"","astra-migrate-meta-layouts":"set","ast-page-background-enabled":"default","ast-page-background-meta":{"desktop":{"background-color":"","background-image":"","background-repeat":"repeat","background-position":"center center","background-size":"auto","background-attachment":"scroll","background-type":"","background-media":"","overlay-type":"","overlay-color":"","overlay-gradient":""},"tablet":{"background-color":"","background-image":"","background-repeat":"repeat","background-position":"center center","background-size":"auto","background-attachment":"scroll","background-type":"","background-media":"","overlay-type":"","overlay-color":"","overlay-gradient":""},"mobile":{"background-color":"","background-image":"","background-repeat":"repeat","background-position":"center center","background-size":"auto","background-attachment":"scroll","background-type":"","background-media":"","overlay-type":"","overlay-color":"","overlay-gradient":""}},"ast-content-background-meta":{"desktop":{"background-color":"var(--ast-global-color-5)","background-image":"","background-repeat":"repeat","background-position":"center center","background-size":"auto","background-attachment":"scroll","background-type":"","background-media":"","overlay-type":"","overlay-color":"","overlay-gradient":""},"tablet":{"background-color":"var(--ast-global-color-5)","background-image":"","background-repeat":"repeat","background-position":"center center","background-size":"auto","background-attachment":"scroll","background-type":"","background-media":"","overlay-type":"","overlay-color":"","overlay-gradient":""},"mobile":{"background-color":"var(--ast-global-color-5)","background-image":"","background-repeat":"repeat","background-position":"center center","background-size":"auto","background-attachment":"scroll","background-type":"","background-media":"","overlay-type":"","overlay-color":"","overlay-gradient":""}}},"product_cat":[27],"product_tag":[],"class_list":{"0":"post-4221","1":"product","2":"type-product","3":"status-publish","4":"has-post-thumbnail","6":"product_cat-gold-statues-24-carat","7":"desktop-align-left","8":"tablet-align-left","9":"mobile-align-left","10":"ast-product-gallery-layout-horizontal-slider","11":"ast-product-tabs-layout-horizontal","13":"first","14":"instock","15":"shipping-taxable","16":"product-type-simple"},"yoast_head":"<!-- This site is optimized with the Yoast SEO plugin v24.0 - https:\/\/yoast.com\/wordpress\/plugins\/seo\/ -->\n<title>200g - 100kg Individual sculpture according to your wishes! - Bugoldi<\/title>\n<meta name=\"description\" content=\"Goldkunst wie BUGOLDI Skulpturen unterliegen nicht den gesetzlichen Verpflichtungen zur Registrierung oder Meldung der Identit\u00e4t und den Vorschriften zur Geldw\u00e4sche wie bei Goldm\u00fcnzen oder Goldbarren.\" \/>\n<meta name=\"robots\" content=\"index, follow, max-snippet:-1, max-image-preview:large, max-video-preview:-1\" \/>\n<link rel=\"canonical\" href=\"https:\/\/bugoldi.com\/de\/produkt\/individual-sculpture-according-to-your-wishes\/\" \/>\n<meta property=\"og:locale\" content=\"de_DE\" \/>\n<meta property=\"og:type\" content=\"article\" \/>\n<meta property=\"og:title\" content=\"200g - 100kg Individual sculpture according to your wishes! - Bugoldi\" \/>\n<meta property=\"og:description\" content=\"Goldkunst wie BUGOLDI Skulpturen unterliegen nicht den gesetzlichen Verpflichtungen zur Registrierung oder Meldung der Identit\u00e4t und den Vorschriften zur Geldw\u00e4sche wie bei Goldm\u00fcnzen oder Goldbarren.\" \/>\n<meta property=\"og:url\" content=\"https:\/\/bugoldi.com\/de\/produkt\/individual-sculpture-according-to-your-wishes\/\" \/>\n<meta property=\"og:site_name\" content=\"Bugoldi\" \/>\n<meta property=\"article:modified_time\" content=\"2024-07-25T09:40:27+00:00\" \/>\n<meta property=\"og:image\" content=\"https:\/\/bugoldi.com\/wp-content\/uploads\/2024\/02\/02-800x800-1.jpg\" \/>\n\t<meta property=\"og:image:width\" content=\"800\" \/>\n\t<meta property=\"og:image:height\" content=\"800\" \/>\n\t<meta property=\"og:image:type\" content=\"image\/jpeg\" \/>\n<meta name=\"twitter:card\" content=\"summary_large_image\" \/>\n<meta name=\"twitter:label1\" content=\"Gesch\u00e4tzte Lesezeit\" \/>\n\t<meta name=\"twitter:data1\" content=\"2\u00a0Minuten\" \/>\n<script type=\"application\/ld+json\" class=\"yoast-schema-graph\">{\"@context\":\"https:\/\/schema.org\",\"@graph\":[{\"@type\":\"WebPage\",\"@id\":\"https:\/\/bugoldi.com\/product\/individual-sculpture-according-to-your-wishes\/\",\"url\":\"https:\/\/bugoldi.com\/product\/individual-sculpture-according-to-your-wishes\/\",\"name\":\"200g - 100kg Individual sculpture according to your wishes! - Bugoldi\",\"isPartOf\":{\"@id\":\"https:\/\/bugoldi.com\/#website\"},\"primaryImageOfPage\":{\"@id\":\"https:\/\/bugoldi.com\/product\/individual-sculpture-according-to-your-wishes\/#primaryimage\"},\"image\":{\"@id\":\"https:\/\/bugoldi.com\/product\/individual-sculpture-according-to-your-wishes\/#primaryimage\"},\"thumbnailUrl\":\"https:\/\/bugoldi.com\/wp-content\/uploads\/2024\/02\/02-800x800-1.jpg\",\"datePublished\":\"2024-02-21T08:27:55+00:00\",\"dateModified\":\"2024-07-25T09:40:27+00:00\",\"description\":\"Goldkunst wie BUGOLDI Skulpturen unterliegen nicht den gesetzlichen Verpflichtungen zur Registrierung oder Meldung der Identit\u00e4t und den Vorschriften zur Geldw\u00e4sche wie bei Goldm\u00fcnzen oder Goldbarren.\",\"breadcrumb\":{\"@id\":\"https:\/\/bugoldi.com\/product\/individual-sculpture-according-to-your-wishes\/#breadcrumb\"},\"inLanguage\":\"de\",\"potentialAction\":[{\"@type\":\"ReadAction\",\"target\":[\"https:\/\/bugoldi.com\/product\/individual-sculpture-according-to-your-wishes\/\"]}]},{\"@type\":\"ImageObject\",\"inLanguage\":\"de\",\"@id\":\"https:\/\/bugoldi.com\/product\/individual-sculpture-according-to-your-wishes\/#primaryimage\",\"url\":\"https:\/\/bugoldi.com\/wp-content\/uploads\/2024\/02\/02-800x800-1.jpg\",\"contentUrl\":\"https:\/\/bugoldi.com\/wp-content\/uploads\/2024\/02\/02-800x800-1.jpg\",\"width\":800,\"height\":800},{\"@type\":\"BreadcrumbList\",\"@id\":\"https:\/\/bugoldi.com\/product\/individual-sculpture-according-to-your-wishes\/#breadcrumb\",\"itemListElement\":[{\"@type\":\"ListItem\",\"position\":1,\"name\":\"Startseite\",\"item\":\"https:\/\/bugoldi.com\/\"},{\"@type\":\"ListItem\",\"position\":2,\"name\":\"Shop\",\"item\":\"https:\/\/bugoldi.com\/shop\/\"},{\"@type\":\"ListItem\",\"position\":3,\"name\":\"200g &#8211; 100kg Individual sculpture according to your wishes!\"}]},{\"@type\":\"WebSite\",\"@id\":\"https:\/\/bugoldi.com\/#website\",\"url\":\"https:\/\/bugoldi.com\/\",\"name\":\"Bugoldi\",\"description\":\"Bugoldi - refines 24 carat dreams Made in Germany\",\"publisher\":{\"@id\":\"https:\/\/bugoldi.com\/#organization\"},\"potentialAction\":[{\"@type\":\"SearchAction\",\"target\":{\"@type\":\"EntryPoint\",\"urlTemplate\":\"https:\/\/bugoldi.com\/?s={search_term_string}\"},\"query-input\":{\"@type\":\"PropertyValueSpecification\",\"valueRequired\":true,\"valueName\":\"search_term_string\"}}],\"inLanguage\":\"de\"},{\"@type\":\"Organization\",\"@id\":\"https:\/\/bugoldi.com\/#organization\",\"name\":\"BUGOLDI\",\"alternateName\":\"Bugoldi\",\"url\":\"https:\/\/bugoldi.com\/\",\"logo\":{\"@type\":\"ImageObject\",\"inLanguage\":\"de\",\"@id\":\"https:\/\/bugoldi.com\/#\/schema\/logo\/image\/\",\"url\":\"https:\/\/bugoldi.com\/wp-content\/uploads\/2023\/10\/BUGOLDIJPG-File-scaled-e1697217888801.jpg\",\"contentUrl\":\"https:\/\/bugoldi.com\/wp-content\/uploads\/2023\/10\/BUGOLDIJPG-File-scaled-e1697217888801.jpg\",\"width\":759,\"height\":759,\"caption\":\"BUGOLDI\"},\"image\":{\"@id\":\"https:\/\/bugoldi.com\/#\/schema\/logo\/image\/\"}}]}<\/script>\n<!-- \/ Yoast SEO plugin. -->","yoast_head_json":{"title":"200g - 100kg Individual sculpture according to your wishes! - Bugoldi","description":"Goldkunst wie BUGOLDI Skulpturen unterliegen nicht den gesetzlichen Verpflichtungen zur Registrierung oder Meldung der Identit\u00e4t und den Vorschriften zur Geldw\u00e4sche wie bei Goldm\u00fcnzen oder Goldbarren.","robots":{"index":"index","follow":"follow","max-snippet":"max-snippet:-1","max-image-preview":"max-image-preview:large","max-video-preview":"max-video-preview:-1"},"canonical":"https:\/\/bugoldi.com\/de\/produkt\/individual-sculpture-according-to-your-wishes\/","og_locale":"de_DE","og_type":"article","og_title":"200g - 100kg Individual sculpture according to your wishes! - Bugoldi","og_description":"Goldkunst wie BUGOLDI Skulpturen unterliegen nicht den gesetzlichen Verpflichtungen zur Registrierung oder Meldung der Identit\u00e4t und den Vorschriften zur Geldw\u00e4sche wie bei Goldm\u00fcnzen oder Goldbarren.","og_url":"https:\/\/bugoldi.com\/de\/produkt\/individual-sculpture-according-to-your-wishes\/","og_site_name":"Bugoldi","article_modified_time":"2024-07-25T09:40:27+00:00","og_image":[{"width":800,"height":800,"url":"https:\/\/bugoldi.com\/wp-content\/uploads\/2024\/02\/02-800x800-1.jpg","type":"image\/jpeg"}],"twitter_card":"summary_large_image","twitter_misc":{"Gesch\u00e4tzte Lesezeit":"2\u00a0Minuten"},"schema":{"@context":"https:\/\/schema.org","@graph":[{"@type":"WebPage","@id":"https:\/\/bugoldi.com\/product\/individual-sculpture-according-to-your-wishes\/","url":"https:\/\/bugoldi.com\/product\/individual-sculpture-according-to-your-wishes\/","name":"200g - 100kg Individual sculpture according to your wishes! - Bugoldi","isPartOf":{"@id":"https:\/\/bugoldi.com\/#website"},"primaryImageOfPage":{"@id":"https:\/\/bugoldi.com\/product\/individual-sculpture-according-to-your-wishes\/#primaryimage"},"image":{"@id":"https:\/\/bugoldi.com\/product\/individual-sculpture-according-to-your-wishes\/#primaryimage"},"thumbnailUrl":"https:\/\/bugoldi.com\/wp-content\/uploads\/2024\/02\/02-800x800-1.jpg","datePublished":"2024-02-21T08:27:55+00:00","dateModified":"2024-07-25T09:40:27+00:00","description":"Goldkunst wie BUGOLDI Skulpturen unterliegen nicht den gesetzlichen Verpflichtungen zur Registrierung oder Meldung der Identit\u00e4t und den Vorschriften zur Geldw\u00e4sche wie bei Goldm\u00fcnzen oder Goldbarren.","breadcrumb":{"@id":"https:\/\/bugoldi.com\/product\/individual-sculpture-according-to-your-wishes\/#breadcrumb"},"inLanguage":"de","potentialAction":[{"@type":"ReadAction","target":["https:\/\/bugoldi.com\/product\/individual-sculpture-according-to-your-wishes\/"]}]},{"@type":"ImageObject","inLanguage":"de","@id":"https:\/\/bugoldi.com\/product\/individual-sculpture-according-to-your-wishes\/#primaryimage","url":"https:\/\/bugoldi.com\/wp-content\/uploads\/2024\/02\/02-800x800-1.jpg","contentUrl":"https:\/\/bugoldi.com\/wp-content\/uploads\/2024\/02\/02-800x800-1.jpg","width":800,"height":800},{"@type":"BreadcrumbList","@id":"https:\/\/bugoldi.com\/product\/individual-sculpture-according-to-your-wishes\/#breadcrumb","itemListElement":[{"@type":"ListItem","position":1,"name":"Startseite","item":"https:\/\/bugoldi.com\/"},{"@type":"ListItem","position":2,"name":"Shop","item":"https:\/\/bugoldi.com\/shop\/"},{"@type":"ListItem","position":3,"name":"200g &#8211; 100kg Individual sculpture according to your wishes!"}]},{"@type":"WebSite","@id":"https:\/\/bugoldi.com\/#website","url":"https:\/\/bugoldi.com\/","name":"Bugoldi","description":"Bugoldi - refines 24 carat dreams Made in Germany","publisher":{"@id":"https:\/\/bugoldi.com\/#organization"},"potentialAction":[{"@type":"SearchAction","target":{"@type":"EntryPoint","urlTemplate":"https:\/\/bugoldi.com\/?s={search_term_string}"},"query-input":{"@type":"PropertyValueSpecification","valueRequired":true,"valueName":"search_term_string"}}],"inLanguage":"de"},{"@type":"Organization","@id":"https:\/\/bugoldi.com\/#organization","name":"BUGOLDI","alternateName":"Bugoldi","url":"https:\/\/bugoldi.com\/","logo":{"@type":"ImageObject","inLanguage":"de","@id":"https:\/\/bugoldi.com\/#\/schema\/logo\/image\/","url":"https:\/\/bugoldi.com\/wp-content\/uploads\/2023\/10\/BUGOLDIJPG-File-scaled-e1697217888801.jpg","contentUrl":"https:\/\/bugoldi.com\/wp-content\/uploads\/2023\/10\/BUGOLDIJPG-File-scaled-e1697217888801.jpg","width":759,"height":759,"caption":"BUGOLDI"},"image":{"@id":"https:\/\/bugoldi.com\/#\/schema\/logo\/image\/"}}]}},"_links":{"self":[{"href":"https:\/\/bugoldi.com\/de\/wp-json\/wp\/v2\/product\/4221","targetHints":{"allow":["GET"]}}],"collection":[{"href":"https:\/\/bugoldi.com\/de\/wp-json\/wp\/v2\/product"}],"about":[{"href":"https:\/\/bugoldi.com\/de\/wp-json\/wp\/v2\/types\/product"}],"wp:featuredmedia":[{"embeddable":true,"href":"https:\/\/bugoldi.com\/de\/wp-json\/wp\/v2\/media\/4245"}],"wp:attachment":[{"href":"https:\/\/bugoldi.com\/de\/wp-json\/wp\/v2\/media?parent=4221"}],"wp:term":[{"taxonomy":"product_cat","embeddable":true,"href":"https:\/\/bugoldi.com\/de\/wp-json\/wp\/v2\/product_cat?post=4221"},{"taxonomy":"product_tag","embeddable":true,"href":"https:\/\/bugoldi.com\/de\/wp-json\/wp\/v2\/product_tag?post=4221"}],"curies":[{"name":"wp","href":"https:\/\/api.w.org\/{rel}","templated":true}]}}