{"id":2950,"date":"2023-10-18T10:15:37","date_gmt":"2023-10-18T08:15:37","guid":{"rendered":"https:\/\/bugoldi.com\/?post_type=product&#038;p=2950"},"modified":"2025-05-16T23:00:09","modified_gmt":"2025-05-16T21:00:09","slug":"gold-microphone","status":"publish","type":"product","link":"https:\/\/bugoldi.com\/de\/produkt\/gold-microphone\/","title":{"rendered":"Mikrofon"},"content":{"rendered":"<div class=\"elementor-element elementor-element-587e239 elementor-widget elementor-widget-text-editor\" data-id=\"587e239\" data-element_type=\"widget\" data-widget_type=\"text-editor.default\">\n<div class=\"elementor-widget-container\">\n<div class=\"elementor-element elementor-element-a8dca11 elementor-widget elementor-widget-text-editor\" data-id=\"a8dca11\" data-element_type=\"widget\" data-widget_type=\"text-editor.default\">\n<div class=\"elementor-widget-container\">\n<p>Unser handgefertigtes Mikrofon aus reinem 24-Karat Feingold ist ein Symbol f\u00fcr audiophile Exzellenz. Perfekt f\u00fcr Studios, Sammler oder als ein einzigartiges Geschenk f\u00fcr Musikliebhaber. Dieses kostbare Mikrofon f\u00e4ng die Herzen derjenigen ein, die wahre Qualit\u00e4t und Wert sch\u00e4tzen. <a style=\"color: #b19540;\" href=\"https:\/\/bugoldi.com\/de\/#contact\">Request the current price here.<\/a><\/p>\n<\/div>\n<\/div>\n<\/div>\n<\/div>\n<hr style=\"height: 2px; border-width: 0; color: gray; background-color: #b19540;\" \/>\n<p>&nbsp;<\/p>","protected":false},"excerpt":{"rendered":"<div class=\"elementor-element elementor-element-7bb9b21 elementor-widget elementor-widget-heading\" data-id=\"7bb9b21\" data-element_type=\"widget\" data-widget_type=\"heading.default\">\n<div class=\"elementor-widget-container\">\n<h4 class=\"elementor-heading-title elementor-size-default\"><span style=\"color: #b19540;\"> Preis auf Anfrage (Aktueller Goldpreis + Fertigungskosten)<br \/>\n<\/span><a style=\"color: #b19540; text-decoration: none;\" href=\"https:\/\/bugoldi.com\/de\/#contact\"><br \/>\n<em>&gt; Hier Preis anfragen <\/em><\/a><\/h4>\n<p>&nbsp;<\/p>\n<h4 class=\"elementor-heading-title elementor-size-default\"><span style=\"color: #b19540;\">2000g 999.9 fine gold<\/span><\/h4>\n<\/div>\n<\/div>\n<div class=\"elementor-element elementor-element-1e9627c elementor-widget elementor-widget-heading\" data-id=\"1e9627c\" data-element_type=\"widget\" data-widget_type=\"heading.default\">\n<div class=\"elementor-widget-container\">\n<h4 class=\"elementor-heading-title elementor-size-default\"><span style=\"color: #b19540;\">62mm x 57mm x 92mm<\/span><\/h4>\n<\/div>\n<\/div>\n<div class=\"elementor-element elementor-element-0a21bd6 elementor-widget elementor-widget-heading\" data-id=\"0a21bd6\" data-element_type=\"widget\" data-widget_type=\"heading.default\">\n<div class=\"elementor-widget-container\">\n<h4 class=\"elementor-heading-title elementor-size-default\"><span style=\"color: #b19540;\">individuelles Gewicht verf\u00fcgbar<\/span><\/h4>\n<\/div>\n<\/div>\n<div class=\"elementor-element elementor-element-20c1aec elementor-widget elementor-widget-heading\" data-id=\"20c1aec\" data-element_type=\"widget\" data-widget_type=\"heading.default\">\n<div class=\"elementor-widget-container\">\n<h6 class=\"elementor-heading-title elementor-size-default\"><span style=\"color: #b19540;\">* Der Preis ist exclusive Lieferung und Verpackung und variiert je nach aktuellem Goldpreis und nationaler Steuer- oder Zollbestimmung.<\/span><\/h6>\n<\/div>\n<\/div>\n<p><span style=\"color: #ffffff;\">Unser handgefertigtes Mikrofon aus reinem 24-kar\u00e4tigem Feingold ist ein Symbol f\u00fcr audiophile Spitzenleistungen.<\/span><\/p>","protected":false},"featured_media":2951,"template":"","meta":{"site-sidebar-layout":"default","site-content-layout":"","ast-site-content-layout":"default","site-content-style":"default","site-sidebar-style":"default","ast-global-header-display":"","ast-banner-title-visibility":"","ast-main-header-display":"","ast-hfb-above-header-display":"","ast-hfb-below-header-display":"","ast-hfb-mobile-header-display":"","site-post-title":"","ast-breadcrumbs-content":"","ast-featured-img":"","footer-sml-layout":"","theme-transparent-header-meta":"default","adv-header-id-meta":"","stick-header-meta":"","header-above-stick-meta":"","header-main-stick-meta":"","header-below-stick-meta":"","astra-migrate-meta-layouts":"set","ast-page-background-enabled":"default","ast-page-background-meta":{"desktop":{"background-color":"","background-image":"","background-repeat":"repeat","background-position":"center center","background-size":"auto","background-attachment":"scroll","background-type":"","background-media":"","overlay-type":"","overlay-color":"","overlay-gradient":""},"tablet":{"background-color":"","background-image":"","background-repeat":"repeat","background-position":"center center","background-size":"auto","background-attachment":"scroll","background-type":"","background-media":"","overlay-type":"","overlay-color":"","overlay-gradient":""},"mobile":{"background-color":"","background-image":"","background-repeat":"repeat","background-position":"center center","background-size":"auto","background-attachment":"scroll","background-type":"","background-media":"","overlay-type":"","overlay-color":"","overlay-gradient":""}},"ast-content-background-meta":{"desktop":{"background-color":"var(--ast-global-color-5)","background-image":"","background-repeat":"repeat","background-position":"center center","background-size":"auto","background-attachment":"scroll","background-type":"","background-media":"","overlay-type":"","overlay-color":"","overlay-gradient":""},"tablet":{"background-color":"var(--ast-global-color-5)","background-image":"","background-repeat":"repeat","background-position":"center center","background-size":"auto","background-attachment":"scroll","background-type":"","background-media":"","overlay-type":"","overlay-color":"","overlay-gradient":""},"mobile":{"background-color":"var(--ast-global-color-5)","background-image":"","background-repeat":"repeat","background-position":"center center","background-size":"auto","background-attachment":"scroll","background-type":"","background-media":"","overlay-type":"","overlay-color":"","overlay-gradient":""}}},"product_cat":[27],"product_tag":[],"class_list":{"0":"post-2950","1":"product","2":"type-product","3":"status-publish","4":"has-post-thumbnail","6":"product_cat-gold-statues-24-carat","7":"desktop-align-left","8":"tablet-align-left","9":"mobile-align-left","10":"ast-product-gallery-layout-horizontal-slider","11":"ast-product-tabs-layout-horizontal","13":"first","14":"instock","15":"shipping-taxable","16":"product-type-simple"},"yoast_head":"<!-- This site is optimized with the Yoast SEO plugin v24.0 - https:\/\/yoast.com\/wordpress\/plugins\/seo\/ -->\n<title>Microphone - Bugoldi<\/title>\n<meta name=\"description\" content=\"Our handmade microphone made of pure 24 carat fine gold is a symbol of audiophile excellence. Perfect for studios, collectors or as a unique gift.\" \/>\n<meta name=\"robots\" content=\"index, follow, max-snippet:-1, max-image-preview:large, max-video-preview:-1\" \/>\n<link rel=\"canonical\" href=\"https:\/\/bugoldi.com\/de\/produkt\/gold-microphone\/\" \/>\n<meta property=\"og:locale\" content=\"de_DE\" \/>\n<meta property=\"og:type\" content=\"article\" \/>\n<meta property=\"og:title\" content=\"Microphone - Bugoldi\" \/>\n<meta property=\"og:description\" content=\"Our handmade microphone made of pure 24 carat fine gold is a symbol of audiophile excellence. Perfect for studios, collectors or as a unique gift.\" \/>\n<meta property=\"og:url\" content=\"https:\/\/bugoldi.com\/de\/produkt\/gold-microphone\/\" \/>\n<meta property=\"og:site_name\" content=\"Bugoldi\" \/>\n<meta property=\"article:modified_time\" content=\"2025-05-16T21:00:09+00:00\" \/>\n<meta property=\"og:image\" content=\"https:\/\/bugoldi.com\/wp-content\/uploads\/2023\/10\/new_gold_micro.webp\" \/>\n\t<meta property=\"og:image:width\" content=\"1920\" \/>\n\t<meta property=\"og:image:height\" content=\"1080\" \/>\n\t<meta property=\"og:image:type\" content=\"image\/webp\" \/>\n<meta name=\"twitter:card\" content=\"summary_large_image\" \/>\n<meta name=\"twitter:label1\" content=\"Gesch\u00e4tzte Lesezeit\" \/>\n\t<meta name=\"twitter:data1\" content=\"1\u00a0Minute\" \/>\n<script type=\"application\/ld+json\" class=\"yoast-schema-graph\">{\"@context\":\"https:\/\/schema.org\",\"@graph\":[{\"@type\":\"WebPage\",\"@id\":\"https:\/\/bugoldi.com\/product\/gold-microphone\/\",\"url\":\"https:\/\/bugoldi.com\/product\/gold-microphone\/\",\"name\":\"Microphone - Bugoldi\",\"isPartOf\":{\"@id\":\"https:\/\/bugoldi.com\/#website\"},\"primaryImageOfPage\":{\"@id\":\"https:\/\/bugoldi.com\/product\/gold-microphone\/#primaryimage\"},\"image\":{\"@id\":\"https:\/\/bugoldi.com\/product\/gold-microphone\/#primaryimage\"},\"thumbnailUrl\":\"https:\/\/bugoldi.com\/wp-content\/uploads\/2023\/10\/new_gold_micro.webp\",\"datePublished\":\"2023-10-18T08:15:37+00:00\",\"dateModified\":\"2025-05-16T21:00:09+00:00\",\"description\":\"Our handmade microphone made of pure 24 carat fine gold is a symbol of audiophile excellence. Perfect for studios, collectors or as a unique gift.\",\"breadcrumb\":{\"@id\":\"https:\/\/bugoldi.com\/product\/gold-microphone\/#breadcrumb\"},\"inLanguage\":\"de\",\"potentialAction\":[{\"@type\":\"ReadAction\",\"target\":[\"https:\/\/bugoldi.com\/product\/gold-microphone\/\"]}]},{\"@type\":\"ImageObject\",\"inLanguage\":\"de\",\"@id\":\"https:\/\/bugoldi.com\/product\/gold-microphone\/#primaryimage\",\"url\":\"https:\/\/bugoldi.com\/wp-content\/uploads\/2023\/10\/new_gold_micro.webp\",\"contentUrl\":\"https:\/\/bugoldi.com\/wp-content\/uploads\/2023\/10\/new_gold_micro.webp\",\"width\":1920,\"height\":1080},{\"@type\":\"BreadcrumbList\",\"@id\":\"https:\/\/bugoldi.com\/product\/gold-microphone\/#breadcrumb\",\"itemListElement\":[{\"@type\":\"ListItem\",\"position\":1,\"name\":\"Startseite\",\"item\":\"https:\/\/bugoldi.com\/\"},{\"@type\":\"ListItem\",\"position\":2,\"name\":\"Shop\",\"item\":\"https:\/\/bugoldi.com\/shop\/\"},{\"@type\":\"ListItem\",\"position\":3,\"name\":\"Microphone\"}]},{\"@type\":\"WebSite\",\"@id\":\"https:\/\/bugoldi.com\/#website\",\"url\":\"https:\/\/bugoldi.com\/\",\"name\":\"Bugoldi\",\"description\":\"Bugoldi - refines 24 carat dreams Made in Germany\",\"publisher\":{\"@id\":\"https:\/\/bugoldi.com\/#organization\"},\"potentialAction\":[{\"@type\":\"SearchAction\",\"target\":{\"@type\":\"EntryPoint\",\"urlTemplate\":\"https:\/\/bugoldi.com\/?s={search_term_string}\"},\"query-input\":{\"@type\":\"PropertyValueSpecification\",\"valueRequired\":true,\"valueName\":\"search_term_string\"}}],\"inLanguage\":\"de\"},{\"@type\":\"Organization\",\"@id\":\"https:\/\/bugoldi.com\/#organization\",\"name\":\"BUGOLDI\",\"alternateName\":\"Bugoldi\",\"url\":\"https:\/\/bugoldi.com\/\",\"logo\":{\"@type\":\"ImageObject\",\"inLanguage\":\"de\",\"@id\":\"https:\/\/bugoldi.com\/#\/schema\/logo\/image\/\",\"url\":\"https:\/\/bugoldi.com\/wp-content\/uploads\/2023\/10\/BUGOLDIJPG-File-scaled-e1697217888801.jpg\",\"contentUrl\":\"https:\/\/bugoldi.com\/wp-content\/uploads\/2023\/10\/BUGOLDIJPG-File-scaled-e1697217888801.jpg\",\"width\":759,\"height\":759,\"caption\":\"BUGOLDI\"},\"image\":{\"@id\":\"https:\/\/bugoldi.com\/#\/schema\/logo\/image\/\"}}]}<\/script>\n<!-- \/ Yoast SEO plugin. -->","yoast_head_json":{"title":"Microphone - Bugoldi","description":"Our handmade microphone made of pure 24 carat fine gold is a symbol of audiophile excellence. Perfect for studios, collectors or as a unique gift.","robots":{"index":"index","follow":"follow","max-snippet":"max-snippet:-1","max-image-preview":"max-image-preview:large","max-video-preview":"max-video-preview:-1"},"canonical":"https:\/\/bugoldi.com\/de\/produkt\/gold-microphone\/","og_locale":"de_DE","og_type":"article","og_title":"Microphone - Bugoldi","og_description":"Our handmade microphone made of pure 24 carat fine gold is a symbol of audiophile excellence. Perfect for studios, collectors or as a unique gift.","og_url":"https:\/\/bugoldi.com\/de\/produkt\/gold-microphone\/","og_site_name":"Bugoldi","article_modified_time":"2025-05-16T21:00:09+00:00","og_image":[{"width":1920,"height":1080,"url":"https:\/\/bugoldi.com\/wp-content\/uploads\/2023\/10\/new_gold_micro.webp","type":"image\/webp"}],"twitter_card":"summary_large_image","twitter_misc":{"Gesch\u00e4tzte Lesezeit":"1\u00a0Minute"},"schema":{"@context":"https:\/\/schema.org","@graph":[{"@type":"WebPage","@id":"https:\/\/bugoldi.com\/product\/gold-microphone\/","url":"https:\/\/bugoldi.com\/product\/gold-microphone\/","name":"Microphone - Bugoldi","isPartOf":{"@id":"https:\/\/bugoldi.com\/#website"},"primaryImageOfPage":{"@id":"https:\/\/bugoldi.com\/product\/gold-microphone\/#primaryimage"},"image":{"@id":"https:\/\/bugoldi.com\/product\/gold-microphone\/#primaryimage"},"thumbnailUrl":"https:\/\/bugoldi.com\/wp-content\/uploads\/2023\/10\/new_gold_micro.webp","datePublished":"2023-10-18T08:15:37+00:00","dateModified":"2025-05-16T21:00:09+00:00","description":"Our handmade microphone made of pure 24 carat fine gold is a symbol of audiophile excellence. Perfect for studios, collectors or as a unique gift.","breadcrumb":{"@id":"https:\/\/bugoldi.com\/product\/gold-microphone\/#breadcrumb"},"inLanguage":"de","potentialAction":[{"@type":"ReadAction","target":["https:\/\/bugoldi.com\/product\/gold-microphone\/"]}]},{"@type":"ImageObject","inLanguage":"de","@id":"https:\/\/bugoldi.com\/product\/gold-microphone\/#primaryimage","url":"https:\/\/bugoldi.com\/wp-content\/uploads\/2023\/10\/new_gold_micro.webp","contentUrl":"https:\/\/bugoldi.com\/wp-content\/uploads\/2023\/10\/new_gold_micro.webp","width":1920,"height":1080},{"@type":"BreadcrumbList","@id":"https:\/\/bugoldi.com\/product\/gold-microphone\/#breadcrumb","itemListElement":[{"@type":"ListItem","position":1,"name":"Startseite","item":"https:\/\/bugoldi.com\/"},{"@type":"ListItem","position":2,"name":"Shop","item":"https:\/\/bugoldi.com\/shop\/"},{"@type":"ListItem","position":3,"name":"Microphone"}]},{"@type":"WebSite","@id":"https:\/\/bugoldi.com\/#website","url":"https:\/\/bugoldi.com\/","name":"Bugoldi","description":"Bugoldi - refines 24 carat dreams Made in Germany","publisher":{"@id":"https:\/\/bugoldi.com\/#organization"},"potentialAction":[{"@type":"SearchAction","target":{"@type":"EntryPoint","urlTemplate":"https:\/\/bugoldi.com\/?s={search_term_string}"},"query-input":{"@type":"PropertyValueSpecification","valueRequired":true,"valueName":"search_term_string"}}],"inLanguage":"de"},{"@type":"Organization","@id":"https:\/\/bugoldi.com\/#organization","name":"BUGOLDI","alternateName":"Bugoldi","url":"https:\/\/bugoldi.com\/","logo":{"@type":"ImageObject","inLanguage":"de","@id":"https:\/\/bugoldi.com\/#\/schema\/logo\/image\/","url":"https:\/\/bugoldi.com\/wp-content\/uploads\/2023\/10\/BUGOLDIJPG-File-scaled-e1697217888801.jpg","contentUrl":"https:\/\/bugoldi.com\/wp-content\/uploads\/2023\/10\/BUGOLDIJPG-File-scaled-e1697217888801.jpg","width":759,"height":759,"caption":"BUGOLDI"},"image":{"@id":"https:\/\/bugoldi.com\/#\/schema\/logo\/image\/"}}]}},"_links":{"self":[{"href":"https:\/\/bugoldi.com\/de\/wp-json\/wp\/v2\/product\/2950","targetHints":{"allow":["GET"]}}],"collection":[{"href":"https:\/\/bugoldi.com\/de\/wp-json\/wp\/v2\/product"}],"about":[{"href":"https:\/\/bugoldi.com\/de\/wp-json\/wp\/v2\/types\/product"}],"wp:featuredmedia":[{"embeddable":true,"href":"https:\/\/bugoldi.com\/de\/wp-json\/wp\/v2\/media\/2951"}],"wp:attachment":[{"href":"https:\/\/bugoldi.com\/de\/wp-json\/wp\/v2\/media?parent=2950"}],"wp:term":[{"taxonomy":"product_cat","embeddable":true,"href":"https:\/\/bugoldi.com\/de\/wp-json\/wp\/v2\/product_cat?post=2950"},{"taxonomy":"product_tag","embeddable":true,"href":"https:\/\/bugoldi.com\/de\/wp-json\/wp\/v2\/product_tag?post=2950"}],"curies":[{"name":"wp","href":"https:\/\/api.w.org\/{rel}","templated":true}]}}