{"id":2923,"date":"2023-10-18T09:16:48","date_gmt":"2023-10-18T07:16:48","guid":{"rendered":"https:\/\/bugoldi.com\/?post_type=product&#038;p=2923"},"modified":"2025-05-16T23:04:10","modified_gmt":"2025-05-16T21:04:10","slug":"your-supercar","status":"publish","type":"product","link":"https:\/\/bugoldi.com\/de\/produkt\/your-supercar\/","title":{"rendered":"Ihr Supercar"},"content":{"rendered":"<p>Erleben Sie die Verbindung von Luxus und Leistung in ihrer h\u00f6chsten Form mit unserem handgefertigten Supercar aus reinem Feingold. Jedes Detail dieses exquisiten Modells wurde mit \u00e4u\u00dferster Pr\u00e4zision gefertigt, um die Sch\u00f6nheit und die Linien des legend\u00e4ren Supercars einzufangen. Diese Miniaturversion strahlt puren Luxus und Stil aus und ist nicht nur eine beeindruckende Dekoration, sondern auch ein Geschenk, das die Leidenschaft f\u00fcr exquisite Automobile zelebriert. Erleben Sie den Glanz und die Faszination Ihres Supercars in reinem Feingold in Ihrem eigenen Zuhause. <a style=\"color: #b19540;\" href=\"https:\/\/bugoldi.com\/de\/#contact\">Request the current price here.<\/a><\/p>\n<hr style=\"height: 2px; border-width: 0; color: gray; background-color: #b19540;\" \/>\n<p>&nbsp;<\/p>","protected":false},"excerpt":{"rendered":"<div class=\"elementor-element elementor-element-6d0410b elementor-widget elementor-widget-heading\" data-id=\"6d0410b\" data-element_type=\"widget\" data-widget_type=\"heading.default\">\n<div class=\"elementor-widget-container\">\n<h4 class=\"elementor-heading-title elementor-size-default\"><span style=\"color: #b19540;\"> Preis auf Anfrage (Aktueller Goldpreis + Fertigungskosten)<br \/>\n<\/span><a style=\"color: #b19540; text-decoration: none;\" href=\"https:\/\/bugoldi.com\/de\/#contact\"><br \/>\n<em>&gt; Hier Preis anfragen <\/em><\/a><\/h4>\n<p>&nbsp;<\/p>\n<h4 class=\"elementor-heading-title elementor-size-default\"><span style=\"color: #b19540;\">800g 999.9 Feingold<\/span><\/h4>\n<\/div>\n<\/div>\n<div class=\"elementor-element elementor-element-c25df76 elementor-widget elementor-widget-heading\" data-id=\"c25df76\" data-element_type=\"widget\" data-widget_type=\"heading.default\">\n<div class=\"elementor-widget-container\">\n<h4 class=\"elementor-heading-title elementor-size-default\"><span style=\"color: #b19540;\">86mm x 41mm x 25mm<\/span><\/h4>\n<\/div>\n<\/div>\n<div class=\"elementor-element elementor-element-beb6cca elementor-widget elementor-widget-heading\" data-id=\"beb6cca\" data-element_type=\"widget\" data-widget_type=\"heading.default\">\n<div class=\"elementor-widget-container\">\n<h4 class=\"elementor-heading-title elementor-size-default\"><span style=\"color: #b19540;\">individuelles Gewicht verf\u00fcgbar<\/span><\/h4>\n<\/div>\n<\/div>\n<div class=\"elementor-element elementor-element-2eaf71e elementor-widget elementor-widget-heading\" data-id=\"2eaf71e\" data-element_type=\"widget\" data-widget_type=\"heading.default\">\n<div class=\"elementor-widget-container\">\n<h6 class=\"elementor-heading-title elementor-size-default\"><span style=\"color: #b19540;\">* Der Preis ist exclusive Lieferung und Verpackung und variiert je nach aktuellem Goldpreis und nationaler Steuer- oder Zollbestimmung.<\/span><\/h6>\n<\/div>\n<\/div>\n<p><span style=\"color: #ffffff;\">Erleben Sie die Verbindung von Luxus und Leistung in ihrer h\u00f6chsten Form mit unserem handgefertigten Supercar aus reinem Feingold.<\/span><\/p>","protected":false},"featured_media":2924,"template":"","meta":{"site-sidebar-layout":"default","site-content-layout":"","ast-site-content-layout":"default","site-content-style":"default","site-sidebar-style":"default","ast-global-header-display":"","ast-banner-title-visibility":"","ast-main-header-display":"","ast-hfb-above-header-display":"","ast-hfb-below-header-display":"","ast-hfb-mobile-header-display":"","site-post-title":"","ast-breadcrumbs-content":"","ast-featured-img":"","footer-sml-layout":"","theme-transparent-header-meta":"default","adv-header-id-meta":"","stick-header-meta":"","header-above-stick-meta":"","header-main-stick-meta":"","header-below-stick-meta":"","astra-migrate-meta-layouts":"set","ast-page-background-enabled":"default","ast-page-background-meta":{"desktop":{"background-color":"","background-image":"","background-repeat":"repeat","background-position":"center center","background-size":"auto","background-attachment":"scroll","background-type":"","background-media":"","overlay-type":"","overlay-color":"","overlay-gradient":""},"tablet":{"background-color":"","background-image":"","background-repeat":"repeat","background-position":"center center","background-size":"auto","background-attachment":"scroll","background-type":"","background-media":"","overlay-type":"","overlay-color":"","overlay-gradient":""},"mobile":{"background-color":"","background-image":"","background-repeat":"repeat","background-position":"center center","background-size":"auto","background-attachment":"scroll","background-type":"","background-media":"","overlay-type":"","overlay-color":"","overlay-gradient":""}},"ast-content-background-meta":{"desktop":{"background-color":"var(--ast-global-color-5)","background-image":"","background-repeat":"repeat","background-position":"center center","background-size":"auto","background-attachment":"scroll","background-type":"","background-media":"","overlay-type":"","overlay-color":"","overlay-gradient":""},"tablet":{"background-color":"var(--ast-global-color-5)","background-image":"","background-repeat":"repeat","background-position":"center center","background-size":"auto","background-attachment":"scroll","background-type":"","background-media":"","overlay-type":"","overlay-color":"","overlay-gradient":""},"mobile":{"background-color":"var(--ast-global-color-5)","background-image":"","background-repeat":"repeat","background-position":"center center","background-size":"auto","background-attachment":"scroll","background-type":"","background-media":"","overlay-type":"","overlay-color":"","overlay-gradient":""}}},"product_cat":[27],"product_tag":[],"class_list":{"0":"post-2923","1":"product","2":"type-product","3":"status-publish","4":"has-post-thumbnail","6":"product_cat-gold-statues-24-carat","7":"desktop-align-left","8":"tablet-align-left","9":"mobile-align-left","10":"ast-product-gallery-layout-horizontal-slider","11":"ast-product-tabs-layout-horizontal","13":"first","14":"instock","15":"shipping-taxable","16":"product-type-simple"},"yoast_head":"<!-- This site is optimized with the Yoast SEO plugin v24.0 - https:\/\/yoast.com\/wordpress\/plugins\/seo\/ -->\n<title>Your Supercar - Bugoldi<\/title>\n<meta name=\"description\" content=\"Experience the marriage of luxury and performance in its highest form with our handcrafted Supercar in pure 24 carat fine gold.\" \/>\n<meta name=\"robots\" content=\"index, follow, max-snippet:-1, max-image-preview:large, max-video-preview:-1\" \/>\n<link rel=\"canonical\" href=\"https:\/\/bugoldi.com\/de\/produkt\/your-supercar\/\" \/>\n<meta property=\"og:locale\" content=\"de_DE\" \/>\n<meta property=\"og:type\" content=\"article\" \/>\n<meta property=\"og:title\" content=\"Your Supercar - Bugoldi\" \/>\n<meta property=\"og:description\" content=\"Experience the marriage of luxury and performance in its highest form with our handcrafted Supercar in pure 24 carat fine gold.\" \/>\n<meta property=\"og:url\" content=\"https:\/\/bugoldi.com\/de\/produkt\/your-supercar\/\" \/>\n<meta property=\"og:site_name\" content=\"Bugoldi\" \/>\n<meta property=\"article:modified_time\" content=\"2025-05-16T21:04:10+00:00\" \/>\n<meta property=\"og:image\" content=\"https:\/\/bugoldi.com\/wp-content\/uploads\/2023\/10\/new_chiron.webp\" \/>\n\t<meta property=\"og:image:width\" content=\"1920\" \/>\n\t<meta property=\"og:image:height\" content=\"1080\" \/>\n\t<meta property=\"og:image:type\" content=\"image\/webp\" \/>\n<meta name=\"twitter:card\" content=\"summary_large_image\" \/>\n<meta name=\"twitter:label1\" content=\"Gesch\u00e4tzte Lesezeit\" \/>\n\t<meta name=\"twitter:data1\" content=\"1\u00a0Minute\" \/>\n<script type=\"application\/ld+json\" class=\"yoast-schema-graph\">{\"@context\":\"https:\/\/schema.org\",\"@graph\":[{\"@type\":\"WebPage\",\"@id\":\"https:\/\/bugoldi.com\/product\/your-supercar\/\",\"url\":\"https:\/\/bugoldi.com\/product\/your-supercar\/\",\"name\":\"Your Supercar - Bugoldi\",\"isPartOf\":{\"@id\":\"https:\/\/bugoldi.com\/#website\"},\"primaryImageOfPage\":{\"@id\":\"https:\/\/bugoldi.com\/product\/your-supercar\/#primaryimage\"},\"image\":{\"@id\":\"https:\/\/bugoldi.com\/product\/your-supercar\/#primaryimage\"},\"thumbnailUrl\":\"https:\/\/bugoldi.com\/wp-content\/uploads\/2023\/10\/new_chiron.webp\",\"datePublished\":\"2023-10-18T07:16:48+00:00\",\"dateModified\":\"2025-05-16T21:04:10+00:00\",\"description\":\"Experience the marriage of luxury and performance in its highest form with our handcrafted Supercar in pure 24 carat fine gold.\",\"breadcrumb\":{\"@id\":\"https:\/\/bugoldi.com\/product\/your-supercar\/#breadcrumb\"},\"inLanguage\":\"de\",\"potentialAction\":[{\"@type\":\"ReadAction\",\"target\":[\"https:\/\/bugoldi.com\/product\/your-supercar\/\"]}]},{\"@type\":\"ImageObject\",\"inLanguage\":\"de\",\"@id\":\"https:\/\/bugoldi.com\/product\/your-supercar\/#primaryimage\",\"url\":\"https:\/\/bugoldi.com\/wp-content\/uploads\/2023\/10\/new_chiron.webp\",\"contentUrl\":\"https:\/\/bugoldi.com\/wp-content\/uploads\/2023\/10\/new_chiron.webp\",\"width\":1920,\"height\":1080},{\"@type\":\"BreadcrumbList\",\"@id\":\"https:\/\/bugoldi.com\/product\/your-supercar\/#breadcrumb\",\"itemListElement\":[{\"@type\":\"ListItem\",\"position\":1,\"name\":\"Startseite\",\"item\":\"https:\/\/bugoldi.com\/\"},{\"@type\":\"ListItem\",\"position\":2,\"name\":\"Shop\",\"item\":\"https:\/\/bugoldi.com\/shop\/\"},{\"@type\":\"ListItem\",\"position\":3,\"name\":\"Your Supercar\"}]},{\"@type\":\"WebSite\",\"@id\":\"https:\/\/bugoldi.com\/#website\",\"url\":\"https:\/\/bugoldi.com\/\",\"name\":\"Bugoldi\",\"description\":\"Bugoldi - refines 24 carat dreams Made in Germany\",\"publisher\":{\"@id\":\"https:\/\/bugoldi.com\/#organization\"},\"potentialAction\":[{\"@type\":\"SearchAction\",\"target\":{\"@type\":\"EntryPoint\",\"urlTemplate\":\"https:\/\/bugoldi.com\/?s={search_term_string}\"},\"query-input\":{\"@type\":\"PropertyValueSpecification\",\"valueRequired\":true,\"valueName\":\"search_term_string\"}}],\"inLanguage\":\"de\"},{\"@type\":\"Organization\",\"@id\":\"https:\/\/bugoldi.com\/#organization\",\"name\":\"BUGOLDI\",\"alternateName\":\"Bugoldi\",\"url\":\"https:\/\/bugoldi.com\/\",\"logo\":{\"@type\":\"ImageObject\",\"inLanguage\":\"de\",\"@id\":\"https:\/\/bugoldi.com\/#\/schema\/logo\/image\/\",\"url\":\"https:\/\/bugoldi.com\/wp-content\/uploads\/2023\/10\/BUGOLDIJPG-File-scaled-e1697217888801.jpg\",\"contentUrl\":\"https:\/\/bugoldi.com\/wp-content\/uploads\/2023\/10\/BUGOLDIJPG-File-scaled-e1697217888801.jpg\",\"width\":759,\"height\":759,\"caption\":\"BUGOLDI\"},\"image\":{\"@id\":\"https:\/\/bugoldi.com\/#\/schema\/logo\/image\/\"}}]}<\/script>\n<!-- \/ Yoast SEO plugin. -->","yoast_head_json":{"title":"Your Supercar - Bugoldi","description":"Experience the marriage of luxury and performance in its highest form with our handcrafted Supercar in pure 24 carat fine gold.","robots":{"index":"index","follow":"follow","max-snippet":"max-snippet:-1","max-image-preview":"max-image-preview:large","max-video-preview":"max-video-preview:-1"},"canonical":"https:\/\/bugoldi.com\/de\/produkt\/your-supercar\/","og_locale":"de_DE","og_type":"article","og_title":"Your Supercar - Bugoldi","og_description":"Experience the marriage of luxury and performance in its highest form with our handcrafted Supercar in pure 24 carat fine gold.","og_url":"https:\/\/bugoldi.com\/de\/produkt\/your-supercar\/","og_site_name":"Bugoldi","article_modified_time":"2025-05-16T21:04:10+00:00","og_image":[{"width":1920,"height":1080,"url":"https:\/\/bugoldi.com\/wp-content\/uploads\/2023\/10\/new_chiron.webp","type":"image\/webp"}],"twitter_card":"summary_large_image","twitter_misc":{"Gesch\u00e4tzte Lesezeit":"1\u00a0Minute"},"schema":{"@context":"https:\/\/schema.org","@graph":[{"@type":"WebPage","@id":"https:\/\/bugoldi.com\/product\/your-supercar\/","url":"https:\/\/bugoldi.com\/product\/your-supercar\/","name":"Your Supercar - Bugoldi","isPartOf":{"@id":"https:\/\/bugoldi.com\/#website"},"primaryImageOfPage":{"@id":"https:\/\/bugoldi.com\/product\/your-supercar\/#primaryimage"},"image":{"@id":"https:\/\/bugoldi.com\/product\/your-supercar\/#primaryimage"},"thumbnailUrl":"https:\/\/bugoldi.com\/wp-content\/uploads\/2023\/10\/new_chiron.webp","datePublished":"2023-10-18T07:16:48+00:00","dateModified":"2025-05-16T21:04:10+00:00","description":"Experience the marriage of luxury and performance in its highest form with our handcrafted Supercar in pure 24 carat fine gold.","breadcrumb":{"@id":"https:\/\/bugoldi.com\/product\/your-supercar\/#breadcrumb"},"inLanguage":"de","potentialAction":[{"@type":"ReadAction","target":["https:\/\/bugoldi.com\/product\/your-supercar\/"]}]},{"@type":"ImageObject","inLanguage":"de","@id":"https:\/\/bugoldi.com\/product\/your-supercar\/#primaryimage","url":"https:\/\/bugoldi.com\/wp-content\/uploads\/2023\/10\/new_chiron.webp","contentUrl":"https:\/\/bugoldi.com\/wp-content\/uploads\/2023\/10\/new_chiron.webp","width":1920,"height":1080},{"@type":"BreadcrumbList","@id":"https:\/\/bugoldi.com\/product\/your-supercar\/#breadcrumb","itemListElement":[{"@type":"ListItem","position":1,"name":"Startseite","item":"https:\/\/bugoldi.com\/"},{"@type":"ListItem","position":2,"name":"Shop","item":"https:\/\/bugoldi.com\/shop\/"},{"@type":"ListItem","position":3,"name":"Your Supercar"}]},{"@type":"WebSite","@id":"https:\/\/bugoldi.com\/#website","url":"https:\/\/bugoldi.com\/","name":"Bugoldi","description":"Bugoldi - refines 24 carat dreams Made in Germany","publisher":{"@id":"https:\/\/bugoldi.com\/#organization"},"potentialAction":[{"@type":"SearchAction","target":{"@type":"EntryPoint","urlTemplate":"https:\/\/bugoldi.com\/?s={search_term_string}"},"query-input":{"@type":"PropertyValueSpecification","valueRequired":true,"valueName":"search_term_string"}}],"inLanguage":"de"},{"@type":"Organization","@id":"https:\/\/bugoldi.com\/#organization","name":"BUGOLDI","alternateName":"Bugoldi","url":"https:\/\/bugoldi.com\/","logo":{"@type":"ImageObject","inLanguage":"de","@id":"https:\/\/bugoldi.com\/#\/schema\/logo\/image\/","url":"https:\/\/bugoldi.com\/wp-content\/uploads\/2023\/10\/BUGOLDIJPG-File-scaled-e1697217888801.jpg","contentUrl":"https:\/\/bugoldi.com\/wp-content\/uploads\/2023\/10\/BUGOLDIJPG-File-scaled-e1697217888801.jpg","width":759,"height":759,"caption":"BUGOLDI"},"image":{"@id":"https:\/\/bugoldi.com\/#\/schema\/logo\/image\/"}}]}},"_links":{"self":[{"href":"https:\/\/bugoldi.com\/de\/wp-json\/wp\/v2\/product\/2923","targetHints":{"allow":["GET"]}}],"collection":[{"href":"https:\/\/bugoldi.com\/de\/wp-json\/wp\/v2\/product"}],"about":[{"href":"https:\/\/bugoldi.com\/de\/wp-json\/wp\/v2\/types\/product"}],"wp:featuredmedia":[{"embeddable":true,"href":"https:\/\/bugoldi.com\/de\/wp-json\/wp\/v2\/media\/2924"}],"wp:attachment":[{"href":"https:\/\/bugoldi.com\/de\/wp-json\/wp\/v2\/media?parent=2923"}],"wp:term":[{"taxonomy":"product_cat","embeddable":true,"href":"https:\/\/bugoldi.com\/de\/wp-json\/wp\/v2\/product_cat?post=2923"},{"taxonomy":"product_tag","embeddable":true,"href":"https:\/\/bugoldi.com\/de\/wp-json\/wp\/v2\/product_tag?post=2923"}],"curies":[{"name":"wp","href":"https:\/\/api.w.org\/{rel}","templated":true}]}}