{"id":2821,"date":"2023-10-18T07:49:50","date_gmt":"2023-10-18T05:49:50","guid":{"rendered":"https:\/\/bugoldi.com\/?post_type=product&#038;p=2821"},"modified":"2024-07-25T09:00:53","modified_gmt":"2024-07-25T07:00:53","slug":"individual-gold-coin-xxl-round","status":"publish","type":"product","link":"https:\/\/bugoldi.com\/de\/produkt\/individual-gold-coin-xxl-round\/","title":{"rendered":"Individuelle Gold M\u00fcnze XXL Rund"},"content":{"rendered":"<p>Entdecken Sie Opulenz mit unserer Individual Gold Coin XXL. Diese mit Pr\u00e4zision und Eleganz gefertigte Goldm\u00fcnze zeichnet sich durch un\u00fcbertroffene Qualit\u00e4t und Brillanz aus. Werten Sie Ihr Anlageportfolio auf oder verleihen Sie Ihrer Sammlung einen Hauch von Luxus. Jede XXL-Goldm\u00fcnze wird in sorgf\u00e4ltiger Handarbeit hergestellt, um Authentizit\u00e4t und dauerhaften Wert zu gew\u00e4hrleisten. Kaufen Sie jetzt und nutzen Sie die Gelegenheit, ein St\u00fcck zeitloser Eleganz zu besitzen. Pr\u00e4gen Sie einen Namen, ein Logo, ein Relief, eine Grafik, ein Datum oder einen besonderen Satz und schaffen Sie so ein einzigartiges und zeitloses Andenken. Mit Pr\u00e4zision aus reinem 24-kar\u00e4tigem Gold gefertigt, ist es ein Geschenk, das ein Leben lang h\u00e4lt. Verschenken Sie Eleganz und Exklusivit\u00e4t.<\/p>\n<hr style=\"height: 2px; border-width: 0; color: gray; background-color: #b19540;\" \/>\n<p>&nbsp;<\/p>","protected":false},"excerpt":{"rendered":"<div class=\"elementor-element elementor-element-2f4b5e6 elementor-widget elementor-widget-heading\" data-id=\"2f4b5e6\" data-element_type=\"widget\" data-widget_type=\"heading.default\">\n<div class=\"elementor-widget-container\">\n<h4 class=\"elementor-heading-title elementor-size-default\"><span style=\"color: #b19540;\">400g 999.9 fine gold<\/span><\/h4>\n<\/div>\n<\/div>\n<div class=\"elementor-element elementor-element-8f48b53 elementor-widget elementor-widget-heading\" data-id=\"8f48b53\" data-element_type=\"widget\" data-widget_type=\"heading.default\">\n<div class=\"elementor-widget-container\">\n<h4 class=\"elementor-heading-title elementor-size-default\"><span style=\"color: #b19540;\">70mm x 5.5mm<\/span><\/h4>\n<\/div>\n<\/div>\n<div class=\"elementor-element elementor-element-d959611 elementor-widget elementor-widget-heading\" data-id=\"d959611\" data-element_type=\"widget\" data-widget_type=\"heading.default\">\n<div class=\"elementor-widget-container\"><\/div>\n<\/div>\n<p><span style=\"color: #ffffff;\">Entdecken Sie Opulenz mit unserer Individual Gold Coin XXL. Diese mit Pr\u00e4zision und Eleganz gefertigte Goldm\u00fcnze besticht durch un\u00fcbertroffene Qualit\u00e4t und Brillanz.<\/span><\/p>","protected":false},"featured_media":3199,"template":"","meta":{"site-sidebar-layout":"default","site-content-layout":"","ast-site-content-layout":"default","site-content-style":"default","site-sidebar-style":"default","ast-global-header-display":"","ast-banner-title-visibility":"","ast-main-header-display":"","ast-hfb-above-header-display":"","ast-hfb-below-header-display":"","ast-hfb-mobile-header-display":"","site-post-title":"","ast-breadcrumbs-content":"","ast-featured-img":"","footer-sml-layout":"","theme-transparent-header-meta":"default","adv-header-id-meta":"","stick-header-meta":"","header-above-stick-meta":"","header-main-stick-meta":"","header-below-stick-meta":"","astra-migrate-meta-layouts":"set","ast-page-background-enabled":"default","ast-page-background-meta":{"desktop":{"background-color":"","background-image":"","background-repeat":"repeat","background-position":"center center","background-size":"auto","background-attachment":"scroll","background-type":"","background-media":"","overlay-type":"","overlay-color":"","overlay-gradient":""},"tablet":{"background-color":"","background-image":"","background-repeat":"repeat","background-position":"center center","background-size":"auto","background-attachment":"scroll","background-type":"","background-media":"","overlay-type":"","overlay-color":"","overlay-gradient":""},"mobile":{"background-color":"","background-image":"","background-repeat":"repeat","background-position":"center center","background-size":"auto","background-attachment":"scroll","background-type":"","background-media":"","overlay-type":"","overlay-color":"","overlay-gradient":""}},"ast-content-background-meta":{"desktop":{"background-color":"var(--ast-global-color-5)","background-image":"","background-repeat":"repeat","background-position":"center center","background-size":"auto","background-attachment":"scroll","background-type":"","background-media":"","overlay-type":"","overlay-color":"","overlay-gradient":""},"tablet":{"background-color":"var(--ast-global-color-5)","background-image":"","background-repeat":"repeat","background-position":"center center","background-size":"auto","background-attachment":"scroll","background-type":"","background-media":"","overlay-type":"","overlay-color":"","overlay-gradient":""},"mobile":{"background-color":"var(--ast-global-color-5)","background-image":"","background-repeat":"repeat","background-position":"center center","background-size":"auto","background-attachment":"scroll","background-type":"","background-media":"","overlay-type":"","overlay-color":"","overlay-gradient":""}}},"product_cat":[23],"product_tag":[],"class_list":{"0":"post-2821","1":"product","2":"type-product","3":"status-publish","4":"has-post-thumbnail","6":"product_cat-gold-coins-xxl","7":"desktop-align-left","8":"tablet-align-left","9":"mobile-align-left","10":"ast-product-gallery-layout-horizontal-slider","11":"ast-product-gallery-with-no-image","12":"ast-product-tabs-layout-horizontal","14":"first","15":"instock","16":"shipping-taxable","17":"purchasable","18":"product-type-simple"},"yoast_head":"<!-- This site is optimized with the Yoast SEO plugin v24.0 - https:\/\/yoast.com\/wordpress\/plugins\/seo\/ -->\n<title>Individual Gold Coin XXL Round - Bugoldi<\/title>\n<meta name=\"description\" content=\"Discover elegance with our Personalized 24K Gold Coin XXL Round, a timeless keepsake imprinted with a name, logo, or special phrase.\" \/>\n<meta name=\"robots\" content=\"index, follow, max-snippet:-1, max-image-preview:large, max-video-preview:-1\" \/>\n<link rel=\"canonical\" href=\"https:\/\/bugoldi.com\/de\/produkt\/individual-gold-coin-xxl-round\/\" \/>\n<meta property=\"og:locale\" content=\"de_DE\" \/>\n<meta property=\"og:type\" content=\"article\" \/>\n<meta property=\"og:title\" content=\"Individual Gold Coin XXL Round - Bugoldi\" \/>\n<meta property=\"og:description\" content=\"Discover elegance with our Personalized 24K Gold Coin XXL Round, a timeless keepsake imprinted with a name, logo, or special phrase.\" \/>\n<meta property=\"og:url\" content=\"https:\/\/bugoldi.com\/de\/produkt\/individual-gold-coin-xxl-round\/\" \/>\n<meta property=\"og:site_name\" content=\"Bugoldi\" \/>\n<meta property=\"article:modified_time\" content=\"2024-07-25T07:00:53+00:00\" \/>\n<meta property=\"og:image\" content=\"https:\/\/bugoldi.com\/wp-content\/uploads\/2023\/10\/GOLD-COIN-02-scaled.webp\" \/>\n\t<meta property=\"og:image:width\" content=\"2560\" \/>\n\t<meta property=\"og:image:height\" content=\"1885\" \/>\n\t<meta property=\"og:image:type\" content=\"image\/webp\" \/>\n<meta name=\"twitter:card\" content=\"summary_large_image\" \/>\n<meta name=\"twitter:label1\" content=\"Gesch\u00e4tzte Lesezeit\" \/>\n\t<meta name=\"twitter:data1\" content=\"1\u00a0Minute\" \/>\n<script type=\"application\/ld+json\" class=\"yoast-schema-graph\">{\"@context\":\"https:\/\/schema.org\",\"@graph\":[{\"@type\":\"WebPage\",\"@id\":\"https:\/\/bugoldi.com\/product\/individual-gold-coin-xxl-round\/\",\"url\":\"https:\/\/bugoldi.com\/product\/individual-gold-coin-xxl-round\/\",\"name\":\"Individual Gold Coin XXL Round - Bugoldi\",\"isPartOf\":{\"@id\":\"https:\/\/bugoldi.com\/#website\"},\"primaryImageOfPage\":{\"@id\":\"https:\/\/bugoldi.com\/product\/individual-gold-coin-xxl-round\/#primaryimage\"},\"image\":{\"@id\":\"https:\/\/bugoldi.com\/product\/individual-gold-coin-xxl-round\/#primaryimage\"},\"thumbnailUrl\":\"https:\/\/bugoldi.com\/wp-content\/uploads\/2023\/10\/GOLD-COIN-02-scaled.webp\",\"datePublished\":\"2023-10-18T05:49:50+00:00\",\"dateModified\":\"2024-07-25T07:00:53+00:00\",\"description\":\"Discover elegance with our Personalized 24K Gold Coin XXL Round, a timeless keepsake imprinted with a name, logo, or special phrase.\",\"breadcrumb\":{\"@id\":\"https:\/\/bugoldi.com\/product\/individual-gold-coin-xxl-round\/#breadcrumb\"},\"inLanguage\":\"de\",\"potentialAction\":[{\"@type\":\"ReadAction\",\"target\":[\"https:\/\/bugoldi.com\/product\/individual-gold-coin-xxl-round\/\"]}]},{\"@type\":\"ImageObject\",\"inLanguage\":\"de\",\"@id\":\"https:\/\/bugoldi.com\/product\/individual-gold-coin-xxl-round\/#primaryimage\",\"url\":\"https:\/\/bugoldi.com\/wp-content\/uploads\/2023\/10\/GOLD-COIN-02-scaled.webp\",\"contentUrl\":\"https:\/\/bugoldi.com\/wp-content\/uploads\/2023\/10\/GOLD-COIN-02-scaled.webp\",\"width\":2560,\"height\":1885},{\"@type\":\"BreadcrumbList\",\"@id\":\"https:\/\/bugoldi.com\/product\/individual-gold-coin-xxl-round\/#breadcrumb\",\"itemListElement\":[{\"@type\":\"ListItem\",\"position\":1,\"name\":\"Startseite\",\"item\":\"https:\/\/bugoldi.com\/\"},{\"@type\":\"ListItem\",\"position\":2,\"name\":\"Shop\",\"item\":\"https:\/\/bugoldi.com\/shop\/\"},{\"@type\":\"ListItem\",\"position\":3,\"name\":\"Individual Gold Coin XXL Round\"}]},{\"@type\":\"WebSite\",\"@id\":\"https:\/\/bugoldi.com\/#website\",\"url\":\"https:\/\/bugoldi.com\/\",\"name\":\"Bugoldi\",\"description\":\"Bugoldi - refines 24 carat dreams Made in Germany\",\"publisher\":{\"@id\":\"https:\/\/bugoldi.com\/#organization\"},\"potentialAction\":[{\"@type\":\"SearchAction\",\"target\":{\"@type\":\"EntryPoint\",\"urlTemplate\":\"https:\/\/bugoldi.com\/?s={search_term_string}\"},\"query-input\":{\"@type\":\"PropertyValueSpecification\",\"valueRequired\":true,\"valueName\":\"search_term_string\"}}],\"inLanguage\":\"de\"},{\"@type\":\"Organization\",\"@id\":\"https:\/\/bugoldi.com\/#organization\",\"name\":\"BUGOLDI\",\"alternateName\":\"Bugoldi\",\"url\":\"https:\/\/bugoldi.com\/\",\"logo\":{\"@type\":\"ImageObject\",\"inLanguage\":\"de\",\"@id\":\"https:\/\/bugoldi.com\/#\/schema\/logo\/image\/\",\"url\":\"https:\/\/bugoldi.com\/wp-content\/uploads\/2023\/10\/BUGOLDIJPG-File-scaled-e1697217888801.jpg\",\"contentUrl\":\"https:\/\/bugoldi.com\/wp-content\/uploads\/2023\/10\/BUGOLDIJPG-File-scaled-e1697217888801.jpg\",\"width\":759,\"height\":759,\"caption\":\"BUGOLDI\"},\"image\":{\"@id\":\"https:\/\/bugoldi.com\/#\/schema\/logo\/image\/\"}}]}<\/script>\n<!-- \/ Yoast SEO plugin. -->","yoast_head_json":{"title":"Individual Gold Coin XXL Round - Bugoldi","description":"Discover elegance with our Personalized 24K Gold Coin XXL Round, a timeless keepsake imprinted with a name, logo, or special phrase.","robots":{"index":"index","follow":"follow","max-snippet":"max-snippet:-1","max-image-preview":"max-image-preview:large","max-video-preview":"max-video-preview:-1"},"canonical":"https:\/\/bugoldi.com\/de\/produkt\/individual-gold-coin-xxl-round\/","og_locale":"de_DE","og_type":"article","og_title":"Individual Gold Coin XXL Round - Bugoldi","og_description":"Discover elegance with our Personalized 24K Gold Coin XXL Round, a timeless keepsake imprinted with a name, logo, or special phrase.","og_url":"https:\/\/bugoldi.com\/de\/produkt\/individual-gold-coin-xxl-round\/","og_site_name":"Bugoldi","article_modified_time":"2024-07-25T07:00:53+00:00","og_image":[{"width":2560,"height":1885,"url":"https:\/\/bugoldi.com\/wp-content\/uploads\/2023\/10\/GOLD-COIN-02-scaled.webp","type":"image\/webp"}],"twitter_card":"summary_large_image","twitter_misc":{"Gesch\u00e4tzte Lesezeit":"1\u00a0Minute"},"schema":{"@context":"https:\/\/schema.org","@graph":[{"@type":"WebPage","@id":"https:\/\/bugoldi.com\/product\/individual-gold-coin-xxl-round\/","url":"https:\/\/bugoldi.com\/product\/individual-gold-coin-xxl-round\/","name":"Individual Gold Coin XXL Round - Bugoldi","isPartOf":{"@id":"https:\/\/bugoldi.com\/#website"},"primaryImageOfPage":{"@id":"https:\/\/bugoldi.com\/product\/individual-gold-coin-xxl-round\/#primaryimage"},"image":{"@id":"https:\/\/bugoldi.com\/product\/individual-gold-coin-xxl-round\/#primaryimage"},"thumbnailUrl":"https:\/\/bugoldi.com\/wp-content\/uploads\/2023\/10\/GOLD-COIN-02-scaled.webp","datePublished":"2023-10-18T05:49:50+00:00","dateModified":"2024-07-25T07:00:53+00:00","description":"Discover elegance with our Personalized 24K Gold Coin XXL Round, a timeless keepsake imprinted with a name, logo, or special phrase.","breadcrumb":{"@id":"https:\/\/bugoldi.com\/product\/individual-gold-coin-xxl-round\/#breadcrumb"},"inLanguage":"de","potentialAction":[{"@type":"ReadAction","target":["https:\/\/bugoldi.com\/product\/individual-gold-coin-xxl-round\/"]}]},{"@type":"ImageObject","inLanguage":"de","@id":"https:\/\/bugoldi.com\/product\/individual-gold-coin-xxl-round\/#primaryimage","url":"https:\/\/bugoldi.com\/wp-content\/uploads\/2023\/10\/GOLD-COIN-02-scaled.webp","contentUrl":"https:\/\/bugoldi.com\/wp-content\/uploads\/2023\/10\/GOLD-COIN-02-scaled.webp","width":2560,"height":1885},{"@type":"BreadcrumbList","@id":"https:\/\/bugoldi.com\/product\/individual-gold-coin-xxl-round\/#breadcrumb","itemListElement":[{"@type":"ListItem","position":1,"name":"Startseite","item":"https:\/\/bugoldi.com\/"},{"@type":"ListItem","position":2,"name":"Shop","item":"https:\/\/bugoldi.com\/shop\/"},{"@type":"ListItem","position":3,"name":"Individual Gold Coin XXL Round"}]},{"@type":"WebSite","@id":"https:\/\/bugoldi.com\/#website","url":"https:\/\/bugoldi.com\/","name":"Bugoldi","description":"Bugoldi - refines 24 carat dreams Made in Germany","publisher":{"@id":"https:\/\/bugoldi.com\/#organization"},"potentialAction":[{"@type":"SearchAction","target":{"@type":"EntryPoint","urlTemplate":"https:\/\/bugoldi.com\/?s={search_term_string}"},"query-input":{"@type":"PropertyValueSpecification","valueRequired":true,"valueName":"search_term_string"}}],"inLanguage":"de"},{"@type":"Organization","@id":"https:\/\/bugoldi.com\/#organization","name":"BUGOLDI","alternateName":"Bugoldi","url":"https:\/\/bugoldi.com\/","logo":{"@type":"ImageObject","inLanguage":"de","@id":"https:\/\/bugoldi.com\/#\/schema\/logo\/image\/","url":"https:\/\/bugoldi.com\/wp-content\/uploads\/2023\/10\/BUGOLDIJPG-File-scaled-e1697217888801.jpg","contentUrl":"https:\/\/bugoldi.com\/wp-content\/uploads\/2023\/10\/BUGOLDIJPG-File-scaled-e1697217888801.jpg","width":759,"height":759,"caption":"BUGOLDI"},"image":{"@id":"https:\/\/bugoldi.com\/#\/schema\/logo\/image\/"}}]}},"_links":{"self":[{"href":"https:\/\/bugoldi.com\/de\/wp-json\/wp\/v2\/product\/2821","targetHints":{"allow":["GET"]}}],"collection":[{"href":"https:\/\/bugoldi.com\/de\/wp-json\/wp\/v2\/product"}],"about":[{"href":"https:\/\/bugoldi.com\/de\/wp-json\/wp\/v2\/types\/product"}],"wp:featuredmedia":[{"embeddable":true,"href":"https:\/\/bugoldi.com\/de\/wp-json\/wp\/v2\/media\/3199"}],"wp:attachment":[{"href":"https:\/\/bugoldi.com\/de\/wp-json\/wp\/v2\/media?parent=2821"}],"wp:term":[{"taxonomy":"product_cat","embeddable":true,"href":"https:\/\/bugoldi.com\/de\/wp-json\/wp\/v2\/product_cat?post=2821"},{"taxonomy":"product_tag","embeddable":true,"href":"https:\/\/bugoldi.com\/de\/wp-json\/wp\/v2\/product_tag?post=2821"}],"curies":[{"name":"wp","href":"https:\/\/api.w.org\/{rel}","templated":true}]}}