{"id":574,"date":"2021-02-23T10:04:36","date_gmt":"2021-02-23T10:04:36","guid":{"rendered":"https:\/\/bugoldi.com\/about-us\/"},"modified":"2024-01-16T08:47:34","modified_gmt":"2024-01-16T07:47:34","slug":"about-us","status":"publish","type":"page","link":"https:\/\/bugoldi.com\/de\/about-us\/","title":{"rendered":"About Us"},"content":{"rendered":"<div data-elementor-type=\"wp-page\" data-elementor-id=\"574\" class=\"elementor elementor-574\" data-elementor-post-type=\"page\">\n\t\t\t\t\t\t<section class=\"elementor-section elementor-top-section elementor-element elementor-element-252cc20 elementor-section-height-min-height elementor-section-boxed elementor-section-height-default elementor-section-items-middle\" data-id=\"252cc20\" data-element_type=\"section\" data-settings=\"{&quot;background_background&quot;:&quot;classic&quot;}\">\n\t\t\t\t\t\t\t<div class=\"elementor-background-overlay\"><\/div>\n\t\t\t\t\t\t\t<div class=\"elementor-container elementor-column-gap-no\">\n\t\t\t\t\t<div class=\"elementor-column elementor-col-100 elementor-top-column elementor-element elementor-element-6250949\" data-id=\"6250949\" data-element_type=\"column\">\n\t\t\t<div class=\"elementor-widget-wrap\">\n\t\t\t\t\t\t\t<\/div>\n\t\t<\/div>\n\t\t\t\t\t<\/div>\n\t\t<\/section>\n\t\t\t\t<section class=\"elementor-section elementor-top-section elementor-element elementor-element-7d11acc elementor-reverse-mobile elementor-section-boxed elementor-section-height-default elementor-section-height-default\" data-id=\"7d11acc\" data-element_type=\"section\" data-settings=\"{&quot;background_background&quot;:&quot;classic&quot;}\">\n\t\t\t\t\t\t<div class=\"elementor-container elementor-column-gap-no\">\n\t\t\t\t\t<div class=\"elementor-column elementor-col-100 elementor-top-column elementor-element elementor-element-7cb0483\" data-id=\"7cb0483\" data-element_type=\"column\">\n\t\t\t<div class=\"elementor-widget-wrap elementor-element-populated\">\n\t\t\t\t\t\t<section class=\"elementor-section elementor-inner-section elementor-element elementor-element-5e85109 elementor-section-boxed elementor-section-height-default elementor-section-height-default\" data-id=\"5e85109\" data-element_type=\"section\">\n\t\t\t\t\t\t<div class=\"elementor-container elementor-column-gap-no\">\n\t\t\t\t\t<div class=\"elementor-column elementor-col-100 elementor-inner-column elementor-element elementor-element-835f774\" data-id=\"835f774\" data-element_type=\"column\">\n\t\t\t<div class=\"elementor-widget-wrap elementor-element-populated\">\n\t\t\t\t\t\t<div class=\"elementor-element elementor-element-f6a4f85 elementor-widget elementor-widget-heading\" data-id=\"f6a4f85\" data-element_type=\"widget\" data-widget_type=\"heading.default\">\n\t\t\t\t<div class=\"elementor-widget-container\">\n\t\t\t<h6 class=\"elementor-heading-title elementor-size-default\">Why Choose Us<\/h6>\t\t<\/div>\n\t\t\t\t<\/div>\n\t\t\t\t<div class=\"elementor-element elementor-element-e9be820 elementor-widget elementor-widget-heading\" data-id=\"e9be820\" data-element_type=\"widget\" data-widget_type=\"heading.default\">\n\t\t\t\t<div class=\"elementor-widget-container\">\n\t\t\t<h2 class=\"elementor-heading-title elementor-size-default\">\u00dcber Uns<\/h2>\t\t<\/div>\n\t\t\t\t<\/div>\n\t\t\t\t<div class=\"elementor-element elementor-element-45d6106 elementor-widget elementor-widget-heading\" data-id=\"45d6106\" data-element_type=\"widget\" data-widget_type=\"heading.default\">\n\t\t\t\t<div class=\"elementor-widget-container\">\n\t\t\t<h2 class=\"elementor-heading-title elementor-size-default\">Entdecken Sie unsere erstklassigen massiven Goldmedaillons und Skulpturen.<\/h2>\t\t<\/div>\n\t\t\t\t<\/div>\n\t\t\t\t<div class=\"elementor-element elementor-element-d65540c elementor-widget elementor-widget-text-editor\" data-id=\"d65540c\" data-element_type=\"widget\" data-widget_type=\"text-editor.default\">\n\t\t\t\t<div class=\"elementor-widget-container\">\n\t\t\t\t\t\t\t<p>BUGOLDI bietet Ihnen einzigartige Skulpturen und Medaillons, handgefertigt aus reinem 99,9% Feingold (24 Karat). Jedes St\u00fcck ist ein Unikat, das von erfahrenen Goldschmiedemeistern in Deutschland sorgf\u00e4ltig nach Ihren W\u00fcnschen angefertigt wird.<\/p><p>Als renommierte Luxusmarke steht Bugoldi f\u00fcr Goldschmiedekunst auf h\u00f6chstem Niveau. Unsere Traditionsmarke ist bekannt f\u00fcr individuelle Skulpturen und Medaillons aus reinstem 99,9%igem Feingold. Die 24-kar\u00e4tigen Meisterwerke, die in Deutschland handgefertigt werden, k\u00f6nnen jederzeit ohne Wertverlust eingeschmolzen werden.<\/p><p>Unsere anspruchsvolle Klientel besteht aus Unternehmern, verm\u00f6genden Privatpersonen, Privatleuten, Million\u00e4ren und Milliard\u00e4ren mit exklusivem Geschmack und h\u00f6chsten Anspr\u00fcchen. Bugoldi spricht diejenigen an, die Superlative zu sch\u00e4tzen wissen.<\/p><p>Ob als hochwertiges Schmuckst\u00fcck, als Blickfang in privaten R\u00e4umen, als Statussymbol oder als individuelles, exklusives Geschenk f\u00fcr Familie, Freunde und Gesch\u00e4ftspartner - jedes Bugoldi-Unikat besticht durch handwerkliche Pr\u00e4zision, Qualit\u00e4t und k\u00fcnstlerische Leistung.<\/p><p>Bugoldi-Produkte sind wahre Kunstwerke, die ausschlie\u00dflich von erfahrenen Goldschmiedemeistern in sorgf\u00e4ltiger Handarbeit gefertigt werden. Jede Figur oder jedes Medaillon ist ein Unikat und wird auf Bestellung gefertigt, zugeschnitten auf Ihre individuellen Vorlieben.<\/p>\t\t\t\t\t\t<\/div>\n\t\t\t\t<\/div>\n\t\t\t\t<div class=\"elementor-element elementor-element-ee640a0 elementor-widget elementor-widget-text-editor\" data-id=\"ee640a0\" data-element_type=\"widget\" data-widget_type=\"text-editor.default\">\n\t\t\t\t<div class=\"elementor-widget-container\">\n\t\t\t\t\t\t\t<p>BUGOLDI bietet Ihnen einzigartige Skulpturen und Medaillons, handgefertigt aus reinem 99,9% Feingold (24 Karat). Jedes St\u00fcck ist ein Unikat, das von erfahrenen Goldschmiedemeistern in Deutschland sorgf\u00e4ltig nach Ihren W\u00fcnschen angefertigt wird.<\/p><p>Als renommierte Luxusmarke steht Bugoldi f\u00fcr Goldschmiedekunst auf h\u00f6chstem Niveau. Unsere Traditionsmarke ist bekannt f\u00fcr individuelle Skulpturen und Medaillons aus reinstem 99,9%igem Feingold. Die 24-kar\u00e4tigen Meisterwerke, die in Deutschland handgefertigt werden, k\u00f6nnen jederzeit ohne Wertverlust eingeschmolzen werden.<\/p><p>Unsere anspruchsvolle Klientel besteht aus Unternehmern, verm\u00f6genden Privatpersonen, Privatleuten, Million\u00e4ren und Milliard\u00e4ren mit exklusivem Geschmack und h\u00f6chsten Anspr\u00fcchen. Bugoldi spricht diejenigen an, die Superlative zu sch\u00e4tzen wissen.<\/p><p>Ob als hochwertiges Schmuckst\u00fcck, als Blickfang in privaten R\u00e4umen, als Statussymbol oder als individuelles, exklusives Geschenk f\u00fcr Familie, Freunde und Gesch\u00e4ftspartner - jedes Bugoldi-Unikat besticht durch handwerkliche Pr\u00e4zision, Qualit\u00e4t und k\u00fcnstlerische Leistung.<\/p><p>Bugoldi-Produkte sind wahre Kunstwerke, die ausschlie\u00dflich von erfahrenen Goldschmiedemeistern in sorgf\u00e4ltiger Handarbeit gefertigt werden. Jede Figur oder jedes Medaillon ist ein Unikat und wird auf Bestellung gefertigt, zugeschnitten auf Ihre individuellen Vorlieben.<\/p>\t\t\t\t\t\t<\/div>\n\t\t\t\t<\/div>\n\t\t\t\t\t<\/div>\n\t\t<\/div>\n\t\t\t\t\t<\/div>\n\t\t<\/section>\n\t\t\t\t\t<\/div>\n\t\t<\/div>\n\t\t\t\t\t<\/div>\n\t\t<\/section>\n\t\t\t\t<section class=\"elementor-section elementor-top-section elementor-element elementor-element-241cd00 elementor-section-boxed elementor-section-height-default elementor-section-height-default\" data-id=\"241cd00\" data-element_type=\"section\" data-settings=\"{&quot;background_background&quot;:&quot;classic&quot;}\">\n\t\t\t\t\t\t<div class=\"elementor-container elementor-column-gap-no\">\n\t\t\t\t\t<div class=\"elementor-column elementor-col-100 elementor-top-column elementor-element elementor-element-4c3d795\" data-id=\"4c3d795\" data-element_type=\"column\">\n\t\t\t<div class=\"elementor-widget-wrap elementor-element-populated\">\n\t\t\t\t\t\t<section class=\"elementor-section elementor-inner-section elementor-element elementor-element-2d0bf28 elementor-section-boxed elementor-section-height-default elementor-section-height-default\" data-id=\"2d0bf28\" data-element_type=\"section\">\n\t\t\t\t\t\t<div class=\"elementor-container elementor-column-gap-no\">\n\t\t\t\t\t<div class=\"elementor-column elementor-col-50 elementor-inner-column elementor-element elementor-element-e5a42d0\" data-id=\"e5a42d0\" data-element_type=\"column\">\n\t\t\t<div class=\"elementor-widget-wrap elementor-element-populated\">\n\t\t\t\t\t\t<div class=\"elementor-element elementor-element-9bd1bca elementor-widget elementor-widget-heading\" data-id=\"9bd1bca\" data-element_type=\"widget\" data-widget_type=\"heading.default\">\n\t\t\t\t<div class=\"elementor-widget-container\">\n\t\t\t<h6 class=\"elementor-heading-title elementor-size-default\">Geschichte<\/h6>\t\t<\/div>\n\t\t\t\t<\/div>\n\t\t\t\t<div class=\"elementor-element elementor-element-169224d elementor-widget elementor-widget-heading\" data-id=\"169224d\" data-element_type=\"widget\" data-widget_type=\"heading.default\">\n\t\t\t\t<div class=\"elementor-widget-container\">\n\t\t\t<h2 class=\"elementor-heading-title elementor-size-default\">Die richtige <\/br>Investition<\/h2>\t\t<\/div>\n\t\t\t\t<\/div>\n\t\t\t\t\t<\/div>\n\t\t<\/div>\n\t\t\t\t<div class=\"elementor-column elementor-col-50 elementor-inner-column elementor-element elementor-element-2eab71c\" data-id=\"2eab71c\" data-element_type=\"column\">\n\t\t\t<div class=\"elementor-widget-wrap elementor-element-populated\">\n\t\t\t\t\t\t<div class=\"elementor-element elementor-element-8013aa6 elementor-widget elementor-widget-image\" data-id=\"8013aa6\" data-element_type=\"widget\" data-widget_type=\"image.default\">\n\t\t\t\t<div class=\"elementor-widget-container\">\n\t\t\t\t\t\t\t\t\t\t\t\t\t<img fetchpriority=\"high\" decoding=\"async\" width=\"2560\" height=\"1707\" src=\"https:\/\/bugoldi.com\/wp-content\/uploads\/2024\/01\/03-scaled.webp\" class=\"attachment-full size-full wp-image-3887\" alt=\"\" srcset=\"https:\/\/bugoldi.com\/wp-content\/uploads\/2024\/01\/03-scaled.webp 2560w, https:\/\/bugoldi.com\/wp-content\/uploads\/2024\/01\/03-300x200.webp 300w, https:\/\/bugoldi.com\/wp-content\/uploads\/2024\/01\/03-1024x683.webp 1024w, https:\/\/bugoldi.com\/wp-content\/uploads\/2024\/01\/03-768x512.webp 768w, https:\/\/bugoldi.com\/wp-content\/uploads\/2024\/01\/03-1536x1024.webp 1536w, https:\/\/bugoldi.com\/wp-content\/uploads\/2024\/01\/03-2048x1365.webp 2048w, https:\/\/bugoldi.com\/wp-content\/uploads\/2024\/01\/03-18x12.webp 18w, https:\/\/bugoldi.com\/wp-content\/uploads\/2024\/01\/03-1080x720.webp 1080w, https:\/\/bugoldi.com\/wp-content\/uploads\/2024\/01\/03-1920x1280.webp 1920w\" sizes=\"(max-width: 2560px) 100vw, 2560px\" \/>\t\t\t\t\t\t\t\t\t\t\t\t\t<\/div>\n\t\t\t\t<\/div>\n\t\t\t\t\t<\/div>\n\t\t<\/div>\n\t\t\t\t\t<\/div>\n\t\t<\/section>\n\t\t\t\t<div class=\"elementor-element elementor-element-4e42bc2 elementor-widget elementor-widget-spacer\" data-id=\"4e42bc2\" data-element_type=\"widget\" data-widget_type=\"spacer.default\">\n\t\t\t\t<div class=\"elementor-widget-container\">\n\t\t\t\t\t<div class=\"elementor-spacer\">\n\t\t\t<div class=\"elementor-spacer-inner\"><\/div>\n\t\t<\/div>\n\t\t\t\t<\/div>\n\t\t\t\t<\/div>\n\t\t\t\t<div class=\"elementor-element elementor-element-82d3fbe elementor-widget elementor-widget-text-editor\" data-id=\"82d3fbe\" data-element_type=\"widget\" data-widget_type=\"text-editor.default\">\n\t\t\t\t<div class=\"elementor-widget-container\">\n\t\t\t\t\t\t\t<p>Ein deutscher Unternehmer investierte, wie tausende anderer K\u00e4ufer, zun\u00e4chst in Goldbarren oder Kr\u00fcgerrand. Mit der Zeit suchte er jedoch nach etwas Exklusivem und Repr\u00e4sentativem - nicht nach etwas, das f\u00fcr jedermann erh\u00e4ltlich ist. Herk\u00f6mmlicher Goldschmuck von regul\u00e4ren Juwelieren erwies sich als Verlustgesch\u00e4ft, da der Goldgehalt wegen der Mehrwertsteuer und der Vertriebskosten weniger als die H\u00e4lfte der Investition ausmachte und das Gold in der Regel nur einen Reinheitsgrad von 58,5 % hatte.<\/p><p>Er w\u00fcnschte sich reines Gold mit einem Feingehalt von 99,9 % und stellte sich Gegenst\u00e4nde wie Medaillons mit dem Logo seines Unternehmens oder den Gesichtern seiner Familie vor. Auch k\u00fcnstlerische Skulpturen, die seine Villa schm\u00fccken oder seine Lieblingsyacht oder seinen Falken in reinem Gold f\u00fcr seinen Schreibtisch darstellen sollten, waren Teil dieser Vision.<\/p><p>Da er nicht fand, was er suchte, stellte er ein engagiertes Team von erfahrenen deutschen Goldgie\u00dfern und Goldschmieden zusammen. Sie setzten seine Vision nach traditionellen Methoden in die Tat um und sorgten f\u00fcr h\u00f6chste Pr\u00e4zision und Qualit\u00e4t.<\/p><p>Beeindruckt von den Ergebnissen, bekundeten seine Gesch\u00e4ftspartner, seine Familie und seine Freunde ihr Interesse an Medaillons, Skulpturen und Figuren aus reinem Gold. Dies war die Geburtsstunde von BUGOLDI, das sich zu einer Luxusmarke entwickelt hat, die anspruchsvolle Kunden auf der ganzen Welt beliefert und ihre W\u00fcnsche aus Feingold erf\u00fcllt. BUGOLDI fertigt in akribischer Handarbeit St\u00fccke an, die von personalisierten 400g-Medaillons bis hin zu individuellen Figuren oder Skulpturen mit einem Gewicht von mehreren Kilogramm reichen. Jedes St\u00fcck ist ein Unikat, das bei Auftragserteilung angefertigt und innerhalb von mehreren Wochen bis zu 4 Monaten geliefert wird.<\/p>\t\t\t\t\t\t<\/div>\n\t\t\t\t<\/div>\n\t\t\t\t<div class=\"elementor-element elementor-element-bb903b6 elementor-widget elementor-widget-spacer\" data-id=\"bb903b6\" data-element_type=\"widget\" data-widget_type=\"spacer.default\">\n\t\t\t\t<div class=\"elementor-widget-container\">\n\t\t\t\t\t<div class=\"elementor-spacer\">\n\t\t\t<div class=\"elementor-spacer-inner\"><\/div>\n\t\t<\/div>\n\t\t\t\t<\/div>\n\t\t\t\t<\/div>\n\t\t\t\t\t<\/div>\n\t\t<\/div>\n\t\t\t\t\t<\/div>\n\t\t<\/section>\n\t\t\t\t<\/div>","protected":false},"excerpt":{"rendered":"<p>Why Choose Us About us Explore our first class massive gold medallions &amp; sculptures. BUGOLDI offers you unique sculptures and medallions, handcrafted from pure 99.9% fine gold (24 karats). Each piece is a one-of-a-kind creation, meticulously crafted according to your preferences by experienced master goldsmiths in Germany. As a renowned luxury brand, Bugoldi represents the [&hellip;]<\/p>","protected":false},"author":1,"featured_media":0,"parent":0,"menu_order":0,"comment_status":"closed","ping_status":"closed","template":"","meta":{"site-sidebar-layout":"no-sidebar","site-content-layout":"page-builder","ast-site-content-layout":"","site-content-style":"default","site-sidebar-style":"default","ast-global-header-display":"","ast-banner-title-visibility":"","ast-main-header-display":"","ast-hfb-above-header-display":"","ast-hfb-below-header-display":"","ast-hfb-mobile-header-display":"","site-post-title":"disabled","ast-breadcrumbs-content":"disabled","ast-featured-img":"disabled","footer-sml-layout":"","theme-transparent-header-meta":"enabled","adv-header-id-meta":"","stick-header-meta":"","header-above-stick-meta":"","header-main-stick-meta":"","header-below-stick-meta":"","astra-migrate-meta-layouts":"default","ast-page-background-enabled":"default","ast-page-background-meta":{"desktop":{"background-color":"","background-image":"","background-repeat":"repeat","background-position":"center center","background-size":"auto","background-attachment":"scroll","background-type":"","background-media":"","overlay-type":"","overlay-color":"","overlay-gradient":""},"tablet":{"background-color":"","background-image":"","background-repeat":"repeat","background-position":"center center","background-size":"auto","background-attachment":"scroll","background-type":"","background-media":"","overlay-type":"","overlay-color":"","overlay-gradient":""},"mobile":{"background-color":"","background-image":"","background-repeat":"repeat","background-position":"center center","background-size":"auto","background-attachment":"scroll","background-type":"","background-media":"","overlay-type":"","overlay-color":"","overlay-gradient":""}},"ast-content-background-meta":{"desktop":{"background-color":"var(--ast-global-color-5)","background-image":"","background-repeat":"repeat","background-position":"center center","background-size":"auto","background-attachment":"scroll","background-type":"","background-media":"","overlay-type":"","overlay-color":"","overlay-gradient":""},"tablet":{"background-color":"var(--ast-global-color-5)","background-image":"","background-repeat":"repeat","background-position":"center center","background-size":"auto","background-attachment":"scroll","background-type":"","background-media":"","overlay-type":"","overlay-color":"","overlay-gradient":""},"mobile":{"background-color":"var(--ast-global-color-5)","background-image":"","background-repeat":"repeat","background-position":"center center","background-size":"auto","background-attachment":"scroll","background-type":"","background-media":"","overlay-type":"","overlay-color":"","overlay-gradient":""}},"footnotes":""},"class_list":["post-574","page","type-page","status-publish","hentry"],"yoast_head":"<!-- This site is optimized with the Yoast SEO plugin v24.0 - https:\/\/yoast.com\/wordpress\/plugins\/seo\/ -->\n<title>About Us - Bugoldi<\/title>\n<meta name=\"robots\" content=\"index, follow, max-snippet:-1, max-image-preview:large, max-video-preview:-1\" \/>\n<link rel=\"canonical\" href=\"https:\/\/bugoldi.com\/de\/about-us\/\" \/>\n<meta property=\"og:locale\" content=\"de_DE\" \/>\n<meta property=\"og:type\" content=\"article\" \/>\n<meta property=\"og:title\" content=\"About Us - Bugoldi\" \/>\n<meta property=\"og:description\" content=\"Why Choose Us About us Explore our first class massive gold medallions &amp; sculptures. BUGOLDI offers you unique sculptures and medallions, handcrafted from pure 99.9% fine gold (24 karats). Each piece is a one-of-a-kind creation, meticulously crafted according to your preferences by experienced master goldsmiths in Germany. As a renowned luxury brand, Bugoldi represents the [&hellip;]\" \/>\n<meta property=\"og:url\" content=\"https:\/\/bugoldi.com\/de\/about-us\/\" \/>\n<meta property=\"og:site_name\" content=\"Bugoldi\" \/>\n<meta property=\"article:modified_time\" content=\"2024-01-16T07:47:34+00:00\" \/>\n<meta property=\"og:image\" content=\"https:\/\/bugoldi.com\/wp-content\/uploads\/2024\/01\/03-scaled.webp\" \/>\n<meta name=\"twitter:card\" content=\"summary_large_image\" \/>\n<meta name=\"twitter:label1\" content=\"Gesch\u00e4tzte Lesezeit\" \/>\n\t<meta name=\"twitter:data1\" content=\"3\u00a0Minuten\" \/>\n<script type=\"application\/ld+json\" class=\"yoast-schema-graph\">{\"@context\":\"https:\/\/schema.org\",\"@graph\":[{\"@type\":\"WebPage\",\"@id\":\"https:\/\/bugoldi.com\/about-us\/\",\"url\":\"https:\/\/bugoldi.com\/about-us\/\",\"name\":\"About Us - Bugoldi\",\"isPartOf\":{\"@id\":\"https:\/\/bugoldi.com\/#website\"},\"primaryImageOfPage\":{\"@id\":\"https:\/\/bugoldi.com\/about-us\/#primaryimage\"},\"image\":{\"@id\":\"https:\/\/bugoldi.com\/about-us\/#primaryimage\"},\"thumbnailUrl\":\"https:\/\/bugoldi.com\/wp-content\/uploads\/2024\/01\/03-scaled.webp\",\"datePublished\":\"2021-02-23T10:04:36+00:00\",\"dateModified\":\"2024-01-16T07:47:34+00:00\",\"breadcrumb\":{\"@id\":\"https:\/\/bugoldi.com\/about-us\/#breadcrumb\"},\"inLanguage\":\"de\",\"potentialAction\":[{\"@type\":\"ReadAction\",\"target\":[\"https:\/\/bugoldi.com\/about-us\/\"]}]},{\"@type\":\"ImageObject\",\"inLanguage\":\"de\",\"@id\":\"https:\/\/bugoldi.com\/about-us\/#primaryimage\",\"url\":\"https:\/\/bugoldi.com\/wp-content\/uploads\/2024\/01\/03-scaled.webp\",\"contentUrl\":\"https:\/\/bugoldi.com\/wp-content\/uploads\/2024\/01\/03-scaled.webp\"},{\"@type\":\"BreadcrumbList\",\"@id\":\"https:\/\/bugoldi.com\/about-us\/#breadcrumb\",\"itemListElement\":[{\"@type\":\"ListItem\",\"position\":1,\"name\":\"Startseite\",\"item\":\"https:\/\/bugoldi.com\/\"},{\"@type\":\"ListItem\",\"position\":2,\"name\":\"About Us\"}]},{\"@type\":\"WebSite\",\"@id\":\"https:\/\/bugoldi.com\/#website\",\"url\":\"https:\/\/bugoldi.com\/\",\"name\":\"Bugoldi\",\"description\":\"Bugoldi - refines 24 carat dreams Made in Germany\",\"publisher\":{\"@id\":\"https:\/\/bugoldi.com\/#organization\"},\"potentialAction\":[{\"@type\":\"SearchAction\",\"target\":{\"@type\":\"EntryPoint\",\"urlTemplate\":\"https:\/\/bugoldi.com\/?s={search_term_string}\"},\"query-input\":{\"@type\":\"PropertyValueSpecification\",\"valueRequired\":true,\"valueName\":\"search_term_string\"}}],\"inLanguage\":\"de\"},{\"@type\":\"Organization\",\"@id\":\"https:\/\/bugoldi.com\/#organization\",\"name\":\"BUGOLDI\",\"alternateName\":\"Bugoldi\",\"url\":\"https:\/\/bugoldi.com\/\",\"logo\":{\"@type\":\"ImageObject\",\"inLanguage\":\"de\",\"@id\":\"https:\/\/bugoldi.com\/#\/schema\/logo\/image\/\",\"url\":\"https:\/\/bugoldi.com\/wp-content\/uploads\/2023\/10\/BUGOLDIJPG-File-scaled-e1697217888801.jpg\",\"contentUrl\":\"https:\/\/bugoldi.com\/wp-content\/uploads\/2023\/10\/BUGOLDIJPG-File-scaled-e1697217888801.jpg\",\"width\":759,\"height\":759,\"caption\":\"BUGOLDI\"},\"image\":{\"@id\":\"https:\/\/bugoldi.com\/#\/schema\/logo\/image\/\"}}]}<\/script>\n<!-- \/ Yoast SEO plugin. -->","yoast_head_json":{"title":"About Us - Bugoldi","robots":{"index":"index","follow":"follow","max-snippet":"max-snippet:-1","max-image-preview":"max-image-preview:large","max-video-preview":"max-video-preview:-1"},"canonical":"https:\/\/bugoldi.com\/de\/about-us\/","og_locale":"de_DE","og_type":"article","og_title":"About Us - Bugoldi","og_description":"Why Choose Us About us Explore our first class massive gold medallions &amp; sculptures. BUGOLDI offers you unique sculptures and medallions, handcrafted from pure 99.9% fine gold (24 karats). Each piece is a one-of-a-kind creation, meticulously crafted according to your preferences by experienced master goldsmiths in Germany. As a renowned luxury brand, Bugoldi represents the [&hellip;]","og_url":"https:\/\/bugoldi.com\/de\/about-us\/","og_site_name":"Bugoldi","article_modified_time":"2024-01-16T07:47:34+00:00","og_image":[{"url":"https:\/\/bugoldi.com\/wp-content\/uploads\/2024\/01\/03-scaled.webp","type":"","width":"","height":""}],"twitter_card":"summary_large_image","twitter_misc":{"Gesch\u00e4tzte Lesezeit":"3\u00a0Minuten"},"schema":{"@context":"https:\/\/schema.org","@graph":[{"@type":"WebPage","@id":"https:\/\/bugoldi.com\/about-us\/","url":"https:\/\/bugoldi.com\/about-us\/","name":"About Us - Bugoldi","isPartOf":{"@id":"https:\/\/bugoldi.com\/#website"},"primaryImageOfPage":{"@id":"https:\/\/bugoldi.com\/about-us\/#primaryimage"},"image":{"@id":"https:\/\/bugoldi.com\/about-us\/#primaryimage"},"thumbnailUrl":"https:\/\/bugoldi.com\/wp-content\/uploads\/2024\/01\/03-scaled.webp","datePublished":"2021-02-23T10:04:36+00:00","dateModified":"2024-01-16T07:47:34+00:00","breadcrumb":{"@id":"https:\/\/bugoldi.com\/about-us\/#breadcrumb"},"inLanguage":"de","potentialAction":[{"@type":"ReadAction","target":["https:\/\/bugoldi.com\/about-us\/"]}]},{"@type":"ImageObject","inLanguage":"de","@id":"https:\/\/bugoldi.com\/about-us\/#primaryimage","url":"https:\/\/bugoldi.com\/wp-content\/uploads\/2024\/01\/03-scaled.webp","contentUrl":"https:\/\/bugoldi.com\/wp-content\/uploads\/2024\/01\/03-scaled.webp"},{"@type":"BreadcrumbList","@id":"https:\/\/bugoldi.com\/about-us\/#breadcrumb","itemListElement":[{"@type":"ListItem","position":1,"name":"Startseite","item":"https:\/\/bugoldi.com\/"},{"@type":"ListItem","position":2,"name":"About Us"}]},{"@type":"WebSite","@id":"https:\/\/bugoldi.com\/#website","url":"https:\/\/bugoldi.com\/","name":"Bugoldi","description":"Bugoldi - refines 24 carat dreams Made in Germany","publisher":{"@id":"https:\/\/bugoldi.com\/#organization"},"potentialAction":[{"@type":"SearchAction","target":{"@type":"EntryPoint","urlTemplate":"https:\/\/bugoldi.com\/?s={search_term_string}"},"query-input":{"@type":"PropertyValueSpecification","valueRequired":true,"valueName":"search_term_string"}}],"inLanguage":"de"},{"@type":"Organization","@id":"https:\/\/bugoldi.com\/#organization","name":"BUGOLDI","alternateName":"Bugoldi","url":"https:\/\/bugoldi.com\/","logo":{"@type":"ImageObject","inLanguage":"de","@id":"https:\/\/bugoldi.com\/#\/schema\/logo\/image\/","url":"https:\/\/bugoldi.com\/wp-content\/uploads\/2023\/10\/BUGOLDIJPG-File-scaled-e1697217888801.jpg","contentUrl":"https:\/\/bugoldi.com\/wp-content\/uploads\/2023\/10\/BUGOLDIJPG-File-scaled-e1697217888801.jpg","width":759,"height":759,"caption":"BUGOLDI"},"image":{"@id":"https:\/\/bugoldi.com\/#\/schema\/logo\/image\/"}}]}},"_links":{"self":[{"href":"https:\/\/bugoldi.com\/de\/wp-json\/wp\/v2\/pages\/574","targetHints":{"allow":["GET"]}}],"collection":[{"href":"https:\/\/bugoldi.com\/de\/wp-json\/wp\/v2\/pages"}],"about":[{"href":"https:\/\/bugoldi.com\/de\/wp-json\/wp\/v2\/types\/page"}],"author":[{"embeddable":true,"href":"https:\/\/bugoldi.com\/de\/wp-json\/wp\/v2\/users\/1"}],"replies":[{"embeddable":true,"href":"https:\/\/bugoldi.com\/de\/wp-json\/wp\/v2\/comments?post=574"}],"version-history":[{"count":57,"href":"https:\/\/bugoldi.com\/de\/wp-json\/wp\/v2\/pages\/574\/revisions"}],"predecessor-version":[{"id":3934,"href":"https:\/\/bugoldi.com\/de\/wp-json\/wp\/v2\/pages\/574\/revisions\/3934"}],"wp:attachment":[{"href":"https:\/\/bugoldi.com\/de\/wp-json\/wp\/v2\/media?parent=574"}],"curies":[{"name":"wp","href":"https:\/\/api.w.org\/{rel}","templated":true}]}}